{"id":266,"date":"2018-11-07T17:42:44","date_gmt":"2018-11-07T17:42:44","guid":{"rendered":"http:\/\/plusenergiequartier.ch\/wordpress\/?page_id=266"},"modified":"2018-11-15T14:37:06","modified_gmt":"2018-11-15T14:37:06","slug":"partner","status":"publish","type":"page","link":"https:\/\/plusenergiequartier.ch\/fr\/partner\/","title":{"rendered":"Partenaires"},"content":{"rendered":"<p>R\u00e9gion capitale suisse<\/p>\n<p>La R\u00e9gion capitale suisse a lanc\u00e9 le projet Quartiers \u00e0 \u00e9nergie positive (QEP) dans le cadre de sa th\u00e9matique cl\u00e9 \u00ab Smart Capital Region \u00bb. L\u2019association R\u00e9gion capitale suisse regroupe cinq cantons (Berne, Neuch\u00e2tel, Fribourg, Soleure et le Valais) ainsi que de nombreuses villes, communes et orga-nisations r\u00e9gionales sises sur leur territoire. Elle souhaite promouvoir la r\u00e9gion capitale en tant qu\u2019espace de vie et site \u00e9conomique novateur d\u2019importance nationale et internationale.<\/p>\n<h2>Conf\u00e9d\u00e9ration<\/h2>\n<ul>\n<li><a href=\"http:\/\/www.bfe.admin.ch\/index.html?lang=fr\">Office f\u00e9d\u00e9ral de l&rsquo;\u00e9nergie OFEN<\/a><\/li>\n<\/ul>\n<h2>Cantons et institutions<\/h2>\n<ul>\n<li><a href=\"https:\/\/www.be.ch\/portal\/fr\/index.html\">Berne<\/a><\/li>\n<li><a href=\"http:\/\/fribourg.ch\/fr\/\">Fribourg<\/a><\/li>\n<li><a href=\"https:\/\/www.ne.ch\/Pages\/accueil.aspx\">Neuch\u00e2tel<\/a><\/li>\n<li><a href=\"https:\/\/www.so.ch\/startseite\/\">Soleure<\/a><\/li>\n<li><a href=\"https:\/\/www.vs.ch\/fr\/\">Valais<\/a><\/li>\n<li><a href=\"https:\/\/www.bve.be.ch\/bve\/fr\/index\/direktion\/organisation\/aue.html\">Office de la coordination environnementale et de l\u2019\u00e9nergie du canton de Berne<\/a><\/li>\n<li><a href=\"https:\/\/www.fr.ch\/sde\">Service de l&rsquo;\u00e9nergie SdE du canton de Fribourg<\/a><\/li>\n<li><a href=\"https:\/\/www.ne.ch\/autorites\/DDTE\/SENE\/energie\/Pages\/accueil.aspx\">Service de l\u2019\u00e9nergie et de l\u2019environnement du canton Neuch\u00e2tel<\/a><\/li>\n<li><a href=\"https:\/\/www.so.ch\/verwaltung\/volkswirtschaftsdepartement\/amt-fuer-wirtschaft-und-arbeit\/energiefachstelle\/\">Service de l\u2019\u00e9nergie du canton de Soleure<\/a><\/li>\n<li><a href=\"https:\/\/www.vs.ch\/fr\/energie\">Service de l&rsquo;\u00e9nergie et des forces hydrauliques du canton du Valais<\/a><\/li>\n<li>Haute \u00e9cole sp\u00e9cialis\u00e9e bernoise<\/li>\n<li>Haute \u00e9cole sp\u00e9cialis\u00e9e de nord-ouest de la Suisse<\/li>\n<\/ul>\n<h2>Communes<\/h2>\n<ul>\n<li><a title=\"http:\/\/www.bern.ch\" href=\"http:\/\/www.be.ch\/portal\/fr\/index.html\" target=\"_blank\" rel=\"noopener\">Berne<\/a><\/li>\n<li><a title=\"https:\/\/www.biel-bienne.ch\/fr\/pub\/bienne_accueil.cfm\" href=\"https:\/\/www.biel-bienne.ch\/fr\/pub\/bienne_accueil.cfm\" target=\"_blank\" rel=\"noopener\">Bienne<\/a><\/li>\n<li><a title=\"http:\/\/www.burgdorf.ch\" href=\"http:\/\/www.burgdorf.ch\/\" target=\"_blank\" rel=\"noopener\">Burgdorf<\/a><\/li>\n<li><a title=\"http:\/\/www.estavayer-le-lac.ch\/net\/net_estavayer.asp?NoOFS=2015\" href=\"http:\/\/www.estavayer-le-lac.ch\/net\/net_estavayer.asp?NoOFS=2015\" target=\"_blank\" rel=\"noopener\">Estavayer-le-Lac<\/a><\/li>\n<li><a title=\"http:\/\/www.grenchen.ch\/de\/\" href=\"http:\/\/www.grenchen.ch\/de\/\" target=\"_blank\" rel=\"noopener\">Grenchen<\/a><\/li>\n<li><a title=\"http:\/\/www.chaux-de-fonds.ch\/de\/\" href=\"http:\/\/www.chaux-de-fonds.ch\/de\/\" target=\"_blank\" rel=\"noopener\">La Chaux-de-Fonds<\/a><\/li>\n<li><a title=\"http:\/\/www.langenthal.ch\/de\/toolbar2\/francais\/\" href=\"http:\/\/www.langenthal.ch\/de\/toolbar2\/francais\/\" target=\"_blank\" rel=\"noopener\">Langenthal<\/a><\/li>\n<li><a title=\"http:\/\/www.lyss.ch\" href=\"http:\/\/www.lyss.ch\/\" target=\"_blank\" rel=\"noopener\">Lyss<\/a><\/li>\n<li><a href=\"http:\/\/www.murten-morat.ch\/portail\/\" target=\"_blank\" rel=\"noopener\">Morat<\/a><\/li>\n<li><a title=\"http:\/\/www.neuchatelville.ch\/\" href=\"http:\/\/www.neuchatelville.ch\/\" target=\"_blank\" rel=\"noopener\">Neuch\u00e2tel<\/a><\/li>\n<li><a title=\"http:\/\/www.stadt-solothurn.ch\/de\/\" href=\"http:\/\/www.stadt-solothurn.ch\/de\/\" target=\"_blank\" rel=\"noopener\">Soleure<br \/>\n<\/a><\/li>\n<li><a title=\"http:\/\/www.thun.ch\/\" href=\"http:\/\/www.thun.ch\/\" target=\"_blank\" rel=\"noopener\">Thoune<\/a><\/li>\n<\/ul>\n<h2>Infrastructure<\/h2>\n<p><a href=\"https:\/\/www.bkw.ch\/fr\/\"><img loading=\"lazy\" decoding=\"async\" class=\"wp-image-1060 size-full aligncenter\" src=\"http:\/\/plusenergiequartier.ch\/wp-content\/uploads\/2018\/11\/Logo-BKW-e1542291572352.png\" alt=\"\" width=\"275\" height=\"86\" \/><\/a> <a href=\"https:\/\/www.ewb.ch\/\"><img loading=\"lazy\" decoding=\"async\" class=\"aligncenter wp-image-1062 size-medium\" src=\"http:\/\/plusenergiequartier.ch\/wp-content\/uploads\/2018\/11\/Logo-ewb-300x117.png\" alt=\"\" width=\"300\" height=\"117\" srcset=\"https:\/\/plusenergiequartier.ch\/wp-content\/uploads\/2018\/11\/Logo-ewb-300x117.png 300w, https:\/\/plusenergiequartier.ch\/wp-content\/uploads\/2018\/11\/Logo-ewb.png 564w\" sizes=\"auto, (max-width: 300px) 100vw, 300px\" \/><img loading=\"lazy\" decoding=\"async\" class=\"aligncenter wp-image-1064 size-medium\" src=\"http:\/\/plusenergiequartier.ch\/wp-content\/uploads\/2018\/11\/Logo-GVB-300x134.png\" alt=\"\" width=\"300\" height=\"134\" srcset=\"https:\/\/plusenergiequartier.ch\/wp-content\/uploads\/2018\/11\/Logo-GVB-300x134.png 300w, https:\/\/plusenergiequartier.ch\/wp-content\/uploads\/2018\/11\/Logo-GVB.png 720w\" sizes=\"auto, (max-width: 300px) 100vw, 300px\" \/><\/a> <a href=\"https:\/\/www.post.ch\/fr\"><img loading=\"lazy\" decoding=\"async\" class=\"aligncenter wp-image-1070 size-medium\" src=\"http:\/\/plusenergiequartier.ch\/wp-content\/uploads\/2018\/11\/Logo-Post_F-e1542291721383-300x141.png\" alt=\"\" width=\"300\" height=\"141\" srcset=\"https:\/\/plusenergiequartier.ch\/wp-content\/uploads\/2018\/11\/Logo-Post_F-e1542291721383-300x141.png 300w, https:\/\/plusenergiequartier.ch\/wp-content\/uploads\/2018\/11\/Logo-Post_F-e1542291721383.png 459w\" sizes=\"auto, (max-width: 300px) 100vw, 300px\" \/><\/a> <a href=\"https:\/\/www.losinger-marazzi.ch\/fr\/\"><img loading=\"lazy\" decoding=\"async\" class=\"aligncenter wp-image-1066 size-medium\" src=\"http:\/\/plusenergiequartier.ch\/wp-content\/uploads\/2018\/11\/Logo-Losinger-Marazzi-300x141.png\" alt=\"\" width=\"300\" height=\"141\" srcset=\"https:\/\/plusenergiequartier.ch\/wp-content\/uploads\/2018\/11\/Logo-Losinger-Marazzi-300x141.png 300w, https:\/\/plusenergiequartier.ch\/wp-content\/uploads\/2018\/11\/Logo-Losinger-Marazzi.png 661w\" sizes=\"auto, (max-width: 300px) 100vw, 300px\" \/><\/a> <a href=\"https:\/\/www.swisscom.ch\/fr\/business.html\"><img loading=\"lazy\" decoding=\"async\" class=\"aligncenter wp-image-1068 size-medium\" src=\"http:\/\/plusenergiequartier.ch\/wp-content\/uploads\/2018\/11\/Logo-Swisscom-300x86.png\" alt=\"\" width=\"300\" height=\"86\" srcset=\"https:\/\/plusenergiequartier.ch\/wp-content\/uploads\/2018\/11\/Logo-Swisscom-300x86.png 300w, https:\/\/plusenergiequartier.ch\/wp-content\/uploads\/2018\/11\/Logo-Swisscom.png 639w\" sizes=\"auto, (max-width: 300px) 100vw, 300px\" \/><\/a><\/p>\n<h2>Le QEP dans le contexte des standards et labels suisses<\/h2>\n<p>Au cours des vingt derni\u00e8res ann\u00e9es, quatre labels se sont d\u00e9velopp\u00e9s dans le contexte de la construc-tion durable et efficace sur le plan \u00e9nerg\u00e9tique ainsi que de l\u2019assainissement de b\u00e2timents et de sites.<\/p>\n<p>La d\u00e9nomination \u00ab quartier \u00e0 \u00e9nergie positive \u00bb n\u2019est pas un label \u00e0 proprement parler, mais un prin-cipe visant \u00e0 augmenter l\u2019efficience \u00e9nerg\u00e9tique dans le secteur de la construction. Les labels existants tels que CECB, MINERGIE, SNBS ou Sites 2000 watts sont toutefois ais\u00e9ment combinables avec les quartiers \u00e0 \u00e9nergie positive.<\/p>\n<p><a href=\"https:\/\/www.cecb.ch\/\"><img loading=\"lazy\" decoding=\"async\" class=\"aligncenter wp-image-1039 size-medium\" src=\"http:\/\/plusenergiequartier.ch\/wp-content\/uploads\/2018\/11\/Logo-CECB_F-e1542292051381-300x146.png\" alt=\"\" width=\"300\" height=\"146\" srcset=\"https:\/\/plusenergiequartier.ch\/wp-content\/uploads\/2018\/11\/Logo-CECB_F-e1542292051381-300x146.png 300w, https:\/\/plusenergiequartier.ch\/wp-content\/uploads\/2018\/11\/Logo-CECB_F-e1542292051381.png 422w\" sizes=\"auto, (max-width: 300px) 100vw, 300px\" \/><\/a> <a href=\"https:\/\/www.minergie.ch\/fr\/\"><img loading=\"lazy\" decoding=\"async\" class=\"aligncenter wp-image-1043 size-medium\" src=\"http:\/\/plusenergiequartier.ch\/wp-content\/uploads\/2018\/11\/Logo-Minergie-300x59.png\" alt=\"\" width=\"300\" height=\"59\" srcset=\"https:\/\/plusenergiequartier.ch\/wp-content\/uploads\/2018\/11\/Logo-Minergie-300x59.png 300w, https:\/\/plusenergiequartier.ch\/wp-content\/uploads\/2018\/11\/Logo-Minergie-768x152.png 768w, https:\/\/plusenergiequartier.ch\/wp-content\/uploads\/2018\/11\/Logo-Minergie.png 800w\" sizes=\"auto, (max-width: 300px) 100vw, 300px\" \/><\/a> <a href=\"https:\/\/www.2000watt.swiss\/fr\/\"><img loading=\"lazy\" decoding=\"async\" class=\"aligncenter wp-image-1037 size-medium\" src=\"http:\/\/plusenergiequartier.ch\/wp-content\/uploads\/2018\/11\/Logo-2000-Watt_F-300x209.png\" alt=\"\" width=\"300\" height=\"209\" srcset=\"https:\/\/plusenergiequartier.ch\/wp-content\/uploads\/2018\/11\/Logo-2000-Watt_F-300x209.png 300w, https:\/\/plusenergiequartier.ch\/wp-content\/uploads\/2018\/11\/Logo-2000-Watt_F-503x350.png 503w, https:\/\/plusenergiequartier.ch\/wp-content\/uploads\/2018\/11\/Logo-2000-Watt_F.png 575w\" sizes=\"auto, (max-width: 300px) 100vw, 300px\" \/><\/a> <a href=\"http:\/\/www.snbs-cert.ch\/fr\/\"><img loading=\"lazy\" decoding=\"async\" class=\"aligncenter wp-image-1045 size-medium\" src=\"http:\/\/plusenergiequartier.ch\/wp-content\/uploads\/2018\/11\/Logo-SNBS-e1542292200911-300x133.jpg\" alt=\"\" width=\"300\" height=\"133\" srcset=\"https:\/\/plusenergiequartier.ch\/wp-content\/uploads\/2018\/11\/Logo-SNBS-e1542292200911-300x133.jpg 300w, https:\/\/plusenergiequartier.ch\/wp-content\/uploads\/2018\/11\/Logo-SNBS-e1542292200911-768x341.jpg 768w, https:\/\/plusenergiequartier.ch\/wp-content\/uploads\/2018\/11\/Logo-SNBS-e1542292200911-1024x454.jpg 1024w, https:\/\/plusenergiequartier.ch\/wp-content\/uploads\/2018\/11\/Logo-SNBS-e1542292200911-789x350.jpg 789w, https:\/\/plusenergiequartier.ch\/wp-content\/uploads\/2018\/11\/Logo-SNBS-e1542292200911.jpg 1172w\" sizes=\"auto, (max-width: 300px) 100vw, 300px\" \/><\/a><\/p>\n","protected":false},"excerpt":{"rendered":"<p>R\u00e9gion capitale suisse La R\u00e9gion capitale suisse a lanc\u00e9 le projet Quartiers \u00e0 \u00e9nergie positive (QEP) dans le cadre de sa th\u00e9matique cl\u00e9 \u00ab Smart Capital Region \u00bb. L\u2019association R\u00e9gion capitale suisse regroupe cinq cantons (Berne, Neuch\u00e2tel, Fribourg, Soleure et le Valais) ainsi que de nombreuses villes, communes et orga-nisations &hellip;<\/p>\n","protected":false},"author":2,"featured_media":0,"parent":0,"menu_order":0,"comment_status":"closed","ping_status":"closed","template":"","meta":{"_exactmetrics_skip_tracking":false,"_exactmetrics_sitenote_active":false,"_exactmetrics_sitenote_note":"","_exactmetrics_sitenote_category":0,"footnotes":""},"class_list":["post-266","page","type-page","status-publish","hentry"],"_links":{"self":[{"href":"https:\/\/plusenergiequartier.ch\/fr\/wp-json\/wp\/v2\/pages\/266","targetHints":{"allow":["GET"]}}],"collection":[{"href":"https:\/\/plusenergiequartier.ch\/fr\/wp-json\/wp\/v2\/pages"}],"about":[{"href":"https:\/\/plusenergiequartier.ch\/fr\/wp-json\/wp\/v2\/types\/page"}],"author":[{"embeddable":true,"href":"https:\/\/plusenergiequartier.ch\/fr\/wp-json\/wp\/v2\/users\/2"}],"replies":[{"embeddable":true,"href":"https:\/\/plusenergiequartier.ch\/fr\/wp-json\/wp\/v2\/comments?post=266"}],"version-history":[{"count":11,"href":"https:\/\/plusenergiequartier.ch\/fr\/wp-json\/wp\/v2\/pages\/266\/revisions"}],"predecessor-version":[{"id":1105,"href":"https:\/\/plusenergiequartier.ch\/fr\/wp-json\/wp\/v2\/pages\/266\/revisions\/1105"}],"wp:attachment":[{"href":"https:\/\/plusenergiequartier.ch\/fr\/wp-json\/wp\/v2\/media?parent=266"}],"curies":[{"name":"wp","href":"https:\/\/api.w.org\/{rel}","templated":true}]}}