{"id":276,"date":"2018-11-07T17:48:57","date_gmt":"2018-11-07T17:48:57","guid":{"rendered":"http:\/\/plusenergiequartier.ch\/wordpress\/?page_id=276"},"modified":"2018-11-07T17:48:57","modified_gmt":"2018-11-07T17:48:57","slug":"faq","status":"publish","type":"page","link":"https:\/\/plusenergiequartier.ch\/fr\/faq\/","title":{"rendered":"FAQ"},"content":{"rendered":"<h1>Foire aux questions sur le th\u00e8me des quartiers \u00e0 \u00e9nergie positive<\/h1>\n","protected":false},"excerpt":{"rendered":"<p>Foire aux questions sur le th\u00e8me des quartiers \u00e0 \u00e9nergie positive<\/p>\n","protected":false},"author":2,"featured_media":0,"parent":0,"menu_order":0,"comment_status":"closed","ping_status":"closed","template":"","meta":{"_exactmetrics_skip_tracking":false,"_exactmetrics_sitenote_active":false,"_exactmetrics_sitenote_note":"","_exactmetrics_sitenote_category":0,"footnotes":""},"class_list":["post-276","page","type-page","status-publish","hentry"],"_links":{"self":[{"href":"https:\/\/plusenergiequartier.ch\/fr\/wp-json\/wp\/v2\/pages\/276","targetHints":{"allow":["GET"]}}],"collection":[{"href":"https:\/\/plusenergiequartier.ch\/fr\/wp-json\/wp\/v2\/pages"}],"about":[{"href":"https:\/\/plusenergiequartier.ch\/fr\/wp-json\/wp\/v2\/types\/page"}],"author":[{"embeddable":true,"href":"https:\/\/plusenergiequartier.ch\/fr\/wp-json\/wp\/v2\/users\/2"}],"replies":[{"embeddable":true,"href":"https:\/\/plusenergiequartier.ch\/fr\/wp-json\/wp\/v2\/comments?post=276"}],"version-history":[{"count":1,"href":"https:\/\/plusenergiequartier.ch\/fr\/wp-json\/wp\/v2\/pages\/276\/revisions"}],"predecessor-version":[{"id":277,"href":"https:\/\/plusenergiequartier.ch\/fr\/wp-json\/wp\/v2\/pages\/276\/revisions\/277"}],"wp:attachment":[{"href":"https:\/\/plusenergiequartier.ch\/fr\/wp-json\/wp\/v2\/media?parent=276"}],"curies":[{"name":"wp","href":"https:\/\/api.w.org\/{rel}","templated":true}]}}