{"id":278,"date":"2018-11-07T17:52:18","date_gmt":"2018-11-07T17:52:18","guid":{"rendered":"http:\/\/plusenergiequartier.ch\/wordpress\/?page_id=278"},"modified":"2018-11-15T10:37:58","modified_gmt":"2018-11-15T10:37:58","slug":"mehrwert","status":"publish","type":"page","link":"https:\/\/plusenergiequartier.ch\/fr\/mehrwert\/","title":{"rendered":"Valeur ajout\u00e9e"},"content":{"rendered":"<h1>Exploiter les synergies existantes<\/h1>\n<p>Il n\u2019est pas n\u00e9cessaire que chaque immeuble d\u2019un quartier \u00e0 \u00e9nergie positive (QEP) pr\u00e9sente un bilan \u00e9nerg\u00e9tique annuel positif. Le bilan \u00e9nerg\u00e9tique positif global du quartier suffit. Divers points faibles peuvent ainsi \u00eatre compens\u00e9s. Les b\u00e2timents existants ne doivent pas n\u00e9cessairement \u00eatre r\u00e9nov\u00e9s en atteignant le m\u00eame niveau qu\u2019un b\u00e2timent \u00e0 \u00e9nergie positive, les b\u00e2timents prot\u00e9g\u00e9s ne repr\u00e9sentent plus un crit\u00e8re d\u2019exclusion et l\u2019uniformit\u00e9 dans l\u2019architecture peut \u00eatre \u00e9vit\u00e9e. Ces \u00e9l\u00e9ments cr\u00e9ent une libert\u00e9 en mati\u00e8re de cr\u00e9ativit\u00e9 pour une belle architecture. Le potentiel des nouvelles constructions et des b\u00e2timents existants peut \u00eatre exploit\u00e9 au mieux. Il est possible d\u2019\u00e9quiper de fa\u00e7on optimale pour la production d\u2019\u00e9nergie les surfaces de toiture et les fa\u00e7ades adapt\u00e9es aux installations photovolta\u00efques. Le p\u00e9rim\u00e8tre consid\u00e9r\u00e9 est \u00e9tendu. L\u2019\u00e9clairage de la rue du quartier s\u2019int\u00e8gre au bilan, tout comme le courant solaire du toit d\u2019un abri pour voitures.<\/p>\n<p><a href=\"http:\/\/plusenergiequartier.ch\/wp-content\/uploads\/2018\/11\/Plusenergiequartier_PEQ_Leitfaden_fr_def_ES.pdf\">T\u00e9l\u00e9charger le guide QEP<\/a><\/p>\n<h1>Un atout pour les communes<\/h1>\n<p>Gr\u00e2ce au r\u00f4le phare qu\u2019ils jouent, les quartiers \u00e0 \u00e9nergie positive sont faciles \u00e0 commercialiser, rendant d\u2019autant plus visibles les efforts couronn\u00e9s de succ\u00e8s de la commune en ce qui concerne la mise en \u0153uvre des prescriptions en mati\u00e8re de politique \u00e9nerg\u00e9tique et climatique. Un QEP relie les b\u00e2timents \u00e0 \u00e9nergie positive pr\u00e9sents sur tout un quartier, incitant ainsi \u00e0 cr\u00e9er ensemble une valeur ajout\u00e9e. Les constructions existantes et les b\u00e2timents inventori\u00e9s, qui sont par exemple prot\u00e9g\u00e9s, peuvent ainsi \u00eatre int\u00e9gr\u00e9s au projet. Les b\u00e2timents du futur seront \u00ab intelligents \u00bb et partiellement autog\u00e9r\u00e9s, mais ils se \u00ab connecteront \u00bb et se \u00ab relieront \u00bb \u00e9galement avec d\u2019autres b\u00e2timents. Les quartiers \u00e0 \u00e9nergie positive contribuent \u00e0 r\u00e9aliser une premi\u00e8re \u00e9tape vers le d\u00e9veloppement futur d\u2019une agglom\u00e9ration.<\/p>\n<h1>Un atout pour les habitants<\/h1>\n<p>Les habitants d\u2019un QEP r\u00e9duisent leurs propres \u00e9missions de CO2 et contribuent ainsi \u00e0 la protection du climat. Gr\u00e2ce \u00e0 une bonne mixit\u00e9 et \u00e0 des b\u00e2timents de grande qualit\u00e9 avec un confort optimal, les QEP deviendront des centres de d\u00e9veloppement futur et des lieux pr\u00e9sentant une qualit\u00e9 de vie tr\u00e8s \u00e9lev\u00e9e.<\/p>\n<h1>Un atout pour les planificateurs et les investisseurs<\/h1>\n<p>Les QEP offrent une grande libert\u00e9 de cr\u00e9ation au moyen de synergies \u00e9nerg\u00e9tiques et de bonnes opportunit\u00e9s de commercialisation gr\u00e2ce \u00e0 une forte innovation. A cet \u00e9gard, les QEP sont \u00e0 l\u2019image des coureurs de fond: leur valeur ajout\u00e9e appara\u00eet sur l\u2019ensemble du cycle de vie. Les QEP contribuent de fa\u00e7on d\u00e9terminante \u00e0 l\u2019\u00e9mergence de co\u00fbts li\u00e9s au cycle de vie plus faibles que pour les quartiers traditionnels. La haute efficacit\u00e9 \u00e9nerg\u00e9tique ainsi que les \u00e9nergies renouvelables garantissent de faibles co\u00fbts d\u2019exploitation. Il existe diverses incitations aux niveaux cantonal et communal: contributions d\u2019encouragement, bonus d\u2019utilisation, participation \u00e0 des \u00e9tudes de faisabilit\u00e9, etc. Bien qu\u2019il cr\u00e9e les meilleures conditions possibles pour des <a href=\"\/fr\/partner\/\">labels<\/a> comme MINERGIE, SNBS ou Site 2000 watts, le QEP n\u2019est pas un label, et offre ainsi aux investisseurs des choix et une marge de man\u0153uvre suppl\u00e9mentaires.<\/p>\n","protected":false},"excerpt":{"rendered":"<p>Exploiter les synergies existantes Il n\u2019est pas n\u00e9cessaire que chaque immeuble d\u2019un quartier \u00e0 \u00e9nergie positive (QEP) pr\u00e9sente un bilan \u00e9nerg\u00e9tique annuel positif. Le bilan \u00e9nerg\u00e9tique positif global du quartier suffit. Divers points faibles peuvent ainsi \u00eatre compens\u00e9s. Les b\u00e2timents existants ne doivent pas n\u00e9cessairement \u00eatre r\u00e9nov\u00e9s en atteignant le &hellip;<\/p>\n","protected":false},"author":2,"featured_media":0,"parent":0,"menu_order":0,"comment_status":"closed","ping_status":"closed","template":"","meta":{"_exactmetrics_skip_tracking":false,"_exactmetrics_sitenote_active":false,"_exactmetrics_sitenote_note":"","_exactmetrics_sitenote_category":0,"footnotes":""},"class_list":["post-278","page","type-page","status-publish","hentry"],"_links":{"self":[{"href":"https:\/\/plusenergiequartier.ch\/fr\/wp-json\/wp\/v2\/pages\/278","targetHints":{"allow":["GET"]}}],"collection":[{"href":"https:\/\/plusenergiequartier.ch\/fr\/wp-json\/wp\/v2\/pages"}],"about":[{"href":"https:\/\/plusenergiequartier.ch\/fr\/wp-json\/wp\/v2\/types\/page"}],"author":[{"embeddable":true,"href":"https:\/\/plusenergiequartier.ch\/fr\/wp-json\/wp\/v2\/users\/2"}],"replies":[{"embeddable":true,"href":"https:\/\/plusenergiequartier.ch\/fr\/wp-json\/wp\/v2\/comments?post=278"}],"version-history":[{"count":14,"href":"https:\/\/plusenergiequartier.ch\/fr\/wp-json\/wp\/v2\/pages\/278\/revisions"}],"predecessor-version":[{"id":1003,"href":"https:\/\/plusenergiequartier.ch\/fr\/wp-json\/wp\/v2\/pages\/278\/revisions\/1003"}],"wp:attachment":[{"href":"https:\/\/plusenergiequartier.ch\/fr\/wp-json\/wp\/v2\/media?parent=278"}],"curies":[{"name":"wp","href":"https:\/\/api.w.org\/{rel}","templated":true}]}}