{"id":280,"date":"2018-11-07T17:56:07","date_gmt":"2018-11-07T17:56:07","guid":{"rendered":"http:\/\/plusenergiequartier.ch\/wordpress\/?page_id=280"},"modified":"2018-11-15T10:44:13","modified_gmt":"2018-11-15T10:44:13","slug":"mise-en-oeuvre","status":"publish","type":"page","link":"https:\/\/plusenergiequartier.ch\/fr\/mise-en-oeuvre\/","title":{"rendered":"Mise en \u0152uvre"},"content":{"rendered":"<h1>La voie vers le quartier \u00e0 \u00e9nergie positive<\/h1>\n<p>Les projets de quartiers \u00e0 \u00e9nergie positive (QEP) donnent lieu \u00e0 diverses analyses (potentiel, site, conditions l\u00e9gales). A des fins de s\u00e9curit\u00e9 de planification, il faut, durant la premi\u00e8re phase de planification, non seulement effectuer une \u00e9tude faisabilit\u00e9, mais aussi v\u00e9rifier si le site abrite des agents \u00e9nerg\u00e9tiques renouvelables et dans quelle mesure ils sont exploitables.<\/p>\n<p><a href=\"http:\/\/plusenergiequartier.ch\/wp-content\/uploads\/2018\/11\/Plusenergiequartier_PEQ_Leitfaden_fr_def_ES.pdf\">T\u00e9l\u00e9charger le guide QEP<\/a><\/p>\n<h2>Planification strat\u00e9gique et \u00e9tudes pr\u00e9liminaires<\/h2>\n            <div class=\"oxi-addons-container noLightbox oxi-image-hover-wrapper-5 \" id=\"oxi-image-hover-wrapper-5\">\n                <div class=\"oxi-addons-row\">\n                                <div class=\"oxi-image-hover-style oxi-bt-col-lg-6 oxi-bt-col-md-6 oxi-bt-col-sm-12                         \" sa-data-animation=\"zoomIn\" sa-data-animation-duration=\"1000ms\">\n                <div class=\"oxi-image-hover-style-general\">\n                    <div class=\"oxi-image-hover oxi-image-general-hover oxi-image-general-hover-style-13 oxi-image-general-hover-5-18\">\n                                                    <div class=\"oxi-image-hover-figure\">\n                                <div class=\"oxi-image-hover-image\">\n                                    <img decoding=\"async\" src=\"http:\/\/plusenergiequartier.ch\/wp-content\/uploads\/2018\/11\/PEQ_Piktogramme_fr_Cashier.png\" >\n                                <\/div>\n                                <div class=\"oxi-image-hover-figure-caption\">\n                                    <div class=\"oxi-image-hover-caption-tab   image-hover-align-center-center\">\n                                                                                    <h3 class=\"oxi-image-hover-heading iheu-fade-up                                                                                         \">Cahier des charges<\/h3>\n                                                                                            <div class=\"oxi-image-hover-content iheu-fade-up \">D\u00e9terminer les objectifs dans le cahier des charges et dans la soumission du planificateur. <br><br> Identifier une personne responsable de l\u2019AQ-QEP. <br><br> D\u00e9cider des labels de durabilit\u00e9 pouvant \u00eatre combin\u00e9s. <br><br> Clarifier les questions li\u00e9es au bonus pour le site et aux fonds d\u2019encouragement.<\/div>\n                                                                                <\/div>\n                                <\/div>\n                            <\/div>\n                                                <\/div>\n                <\/div> \n                            <\/div>\n                        <div class=\"oxi-image-hover-style oxi-bt-col-lg-6 oxi-bt-col-md-6 oxi-bt-col-sm-12                         \" sa-data-animation=\"zoomIn\" sa-data-animation-duration=\"1000ms\">\n                <div class=\"oxi-image-hover-style-general\">\n                    <div class=\"oxi-image-hover oxi-image-general-hover oxi-image-general-hover-style-13 oxi-image-general-hover-5-19\">\n                                                    <div class=\"oxi-image-hover-figure\">\n                                <div class=\"oxi-image-hover-image\">\n                                    <img decoding=\"async\" src=\"http:\/\/plusenergiequartier.ch\/wp-content\/uploads\/2018\/11\/PEQ_Piktogramme_fr_Site.png\" >\n                                <\/div>\n                                <div class=\"oxi-image-hover-figure-caption\">\n                                    <div class=\"oxi-image-hover-caption-tab   image-hover-align-center-center\">\n                                                                                    <h3 class=\"oxi-image-hover-heading iheu-fade-up                                                                                         \">Sites<\/h3>\n                                                                                            <div class=\"oxi-image-hover-content iheu-fade-up \">Tous les sites g\u00e9ographiques ne pr\u00e9sentent pas le m\u00eame potentiel pour l\u2019utilisation de l\u2019\u00e9nergie solaire. <br><br> La topographie exerce une influence sur la consommation \u00e9nerg\u00e9tique. <br><br> L\u2019ombrage permanent de surfaces vitr\u00e9es li\u00e9 aux particularit\u00e9s locales doit \u00eatre \u00e9vit\u00e9 dans la mesure du possible.<\/div>\n                                                                                <\/div>\n                                <\/div>\n                            <\/div>\n                                                <\/div>\n                <\/div> \n                            <\/div>\n                        <div class=\"oxi-image-hover-style oxi-bt-col-lg-6 oxi-bt-col-md-6 oxi-bt-col-sm-12                         \" sa-data-animation=\"zoomIn\" sa-data-animation-duration=\"1000ms\">\n                <div class=\"oxi-image-hover-style-general\">\n                    <div class=\"oxi-image-hover oxi-image-general-hover oxi-image-general-hover-style-13 oxi-image-general-hover-5-20\">\n                                                    <div class=\"oxi-image-hover-figure\">\n                                <div class=\"oxi-image-hover-image\">\n                                    <img decoding=\"async\" src=\"http:\/\/plusenergiequartier.ch\/wp-content\/uploads\/2018\/11\/PEQ_Piktogramme_fr_Legislation.png\" >\n                                <\/div>\n                                <div class=\"oxi-image-hover-figure-caption\">\n                                    <div class=\"oxi-image-hover-caption-tab   image-hover-align-center-center\">\n                                                                                    <h3 class=\"oxi-image-hover-heading iheu-fade-up                                                                                         \">L\u00e9gislation<\/h3>\n                                                                                            <div class=\"oxi-image-hover-content iheu-fade-up \">Combien d\u2019\u00e9tages peuvent \u00eatre r\u00e9alis\u00e9s ? <br><br> La conception du toit est-elle soumise \u00e0 des conditions ? <br><br> La conception de la fa\u00e7ade est-elle soumise \u00e0 des conditions ? <br><br> Existe-t-il des b\u00e2timents inventori\u00e9s ? <br><br><\/div>\n                                                                                <\/div>\n                                <\/div>\n                            <\/div>\n                                                <\/div>\n                <\/div> \n                            <\/div>\n                        <div class=\"oxi-image-hover-style oxi-bt-col-lg-6 oxi-bt-col-md-6 oxi-bt-col-sm-12                         \" sa-data-animation=\"zoomIn\" sa-data-animation-duration=\"1000ms\">\n                <div class=\"oxi-image-hover-style-general\">\n                    <div class=\"oxi-image-hover oxi-image-general-hover oxi-image-general-hover-style-13 oxi-image-general-hover-5-21\">\n                                                    <div class=\"oxi-image-hover-figure\">\n                                <div class=\"oxi-image-hover-image\">\n                                    <img decoding=\"async\" src=\"http:\/\/plusenergiequartier.ch\/wp-content\/uploads\/2018\/11\/PEQ_Piktogramme_fr_Energie.png\" >\n                                <\/div>\n                                <div class=\"oxi-image-hover-figure-caption\">\n                                    <div class=\"oxi-image-hover-caption-tab   image-hover-align-center-center\">\n                                                                                    <h3 class=\"oxi-image-hover-heading iheu-fade-up                                                                                         \">Agents \u00e9nerg\u00e9tiques<\/h3>\n                                                                                            <div class=\"oxi-image-hover-content iheu-fade-up \">Aucun quartier \u00e0 \u00e9nergie positive ne peut \u00eatre r\u00e9alis\u00e9 sans une production d\u2019\u00e9nergie sur place. Le soleil est souvent le principal contributeur. <br><br> Il convient de clarifier rapidement le potentiel local des \u00e9nergies renouvelables comme le soleil, les eaux souterraines, l\u2019\u00e9nergie g\u00e9othermique, les rejets de chaleur, le vent, etc.<\/div>\n                                                                                <\/div>\n                                <\/div>\n                            <\/div>\n                                                <\/div>\n                <\/div> \n                            <\/div>\n                            <\/div>\n            <\/div>\n\t\t\t\n<h2>Du projet \u00e0 la r\u00e9alisation<\/h2>\n            <div class=\"oxi-addons-container noLightbox oxi-image-hover-wrapper-6 \" id=\"oxi-image-hover-wrapper-6\">\n                <div class=\"oxi-addons-row\">\n                                <div class=\"oxi-image-hover-style oxi-bt-col-lg-6 oxi-bt-col-md-6 oxi-bt-col-sm-12                         \" sa-data-animation=\"zoomIn\" sa-data-animation-duration=\"1000ms\">\n                <div class=\"oxi-image-hover-style-general\">\n                    <div class=\"oxi-image-hover oxi-image-general-hover oxi-image-general-hover-style-13 oxi-image-general-hover-6-22\">\n                                                    <div class=\"oxi-image-hover-figure\">\n                                <div class=\"oxi-image-hover-image\">\n                                    <img decoding=\"async\" src=\"http:\/\/plusenergiequartier.ch\/wp-content\/uploads\/2018\/11\/PEQ_Piktogramme_fr_Projet.png\" >\n                                <\/div>\n                                <div class=\"oxi-image-hover-figure-caption\">\n                                    <div class=\"oxi-image-hover-caption-tab   image-hover-align-center-center\">\n                                                                                    <h3 class=\"oxi-image-hover-heading iheu-fade-up                                                                                         \">Project<\/h3>\n                                                                                            <div class=\"oxi-image-hover-content iheu-fade-up \">Un projet de QEP commence par le d\u00e9veloppement urbain. Le soleil exerce une influence consid\u00e9rable sur le positionnement et le dimensionnement des volumes. <br><br> Les fa\u00e7ades et les surfaces de toiture servent \u00e0 produire l\u2019\u00e9nergie par le biais du solaire thermique ou du photovolta\u00efque. <br><br> Les apports solaires directs n\u00e9cessitent une planification pr\u00e9cise lors du projet. <br><br> Les b\u00e2timents compacts pr\u00e9sentent moins de pertes d\u2019\u00e9nergie.<\/div>\n                                                                                <\/div>\n                                <\/div>\n                            <\/div>\n                                                <\/div>\n                <\/div> \n                            <\/div>\n                        <div class=\"oxi-image-hover-style oxi-bt-col-lg-6 oxi-bt-col-md-6 oxi-bt-col-sm-12                         \" sa-data-animation=\"zoomIn\" sa-data-animation-duration=\"1000ms\">\n                <div class=\"oxi-image-hover-style-general\">\n                    <div class=\"oxi-image-hover oxi-image-general-hover oxi-image-general-hover-style-13 oxi-image-general-hover-6-23\">\n                                                    <div class=\"oxi-image-hover-figure\">\n                                <div class=\"oxi-image-hover-image\">\n                                    <img decoding=\"async\" src=\"http:\/\/plusenergiequartier.ch\/wp-content\/uploads\/2018\/11\/PEQ_Piktogramme_fr_Planification.png\" >\n                                <\/div>\n                                <div class=\"oxi-image-hover-figure-caption\">\n                                    <div class=\"oxi-image-hover-caption-tab   image-hover-align-center-center\">\n                                                                                    <h3 class=\"oxi-image-hover-heading iheu-fade-up                                                                                         \">Planification<\/h3>\n                                                                                            <div class=\"oxi-image-hover-content iheu-fade-up \">Un responsable g\u00e9n\u00e9ral est-il d\u00e9sign\u00e9 pour la mise en \u0153uvre ? <br><br> Les t\u00e2ches de l\u2019ensemble des planificateurs ont-elles \u00e9t\u00e9 clairement communiqu\u00e9es et fermement \u00e9tablies ? <br><br> Les id\u00e9es innovantes sont exploit\u00e9es de toutes parts en vue d\u2019atteindre les objectifs \u00e9lev\u00e9s d\u2019un quartier \u00e0 \u00e9nergie positive.<\/div>\n                                                                                <\/div>\n                                <\/div>\n                            <\/div>\n                                                <\/div>\n                <\/div> \n                            <\/div>\n                        <div class=\"oxi-image-hover-style oxi-bt-col-lg-6 oxi-bt-col-md-6 oxi-bt-col-sm-12                         \" sa-data-animation=\"zoomIn\" sa-data-animation-duration=\"1000ms\">\n                <div class=\"oxi-image-hover-style-general\">\n                    <div class=\"oxi-image-hover oxi-image-general-hover oxi-image-general-hover-style-13 oxi-image-general-hover-6-24\">\n                                                    <div class=\"oxi-image-hover-figure\">\n                                <div class=\"oxi-image-hover-image\">\n                                    <img decoding=\"async\" src=\"http:\/\/plusenergiequartier.ch\/wp-content\/uploads\/2018\/11\/PEQ_Piktogramme_fr_Construction.png\" >\n                                <\/div>\n                                <div class=\"oxi-image-hover-figure-caption\">\n                                    <div class=\"oxi-image-hover-caption-tab   image-hover-align-center-center\">\n                                                                                    <h3 class=\"oxi-image-hover-heading iheu-fade-up                                                                                         \">Construction<\/h3>\n                                                                                            <div class=\"oxi-image-hover-content iheu-fade-up \">Pr\u00e9voir les espaces n\u00e9cessaires au stockage solaire thermique et d\u00e9finir les exigences relatives \u00e0 l\u2019emplacement des accumulateurs. <br><br> De tr\u00e8s bonnes enveloppes du b\u00e2timent, particuli\u00e8rement denses, r\u00e9duisent les pertes d\u2019\u00e9nergie. <br><br> La masse du b\u00e2timent devrait pouvoir stocker le rayonnement solaire direct.<\/div>\n                                                                                <\/div>\n                                <\/div>\n                            <\/div>\n                                                <\/div>\n                <\/div> \n                            <\/div>\n                        <div class=\"oxi-image-hover-style oxi-bt-col-lg-6 oxi-bt-col-md-6 oxi-bt-col-sm-12                         \" sa-data-animation=\"zoomIn\" sa-data-animation-duration=\"1000ms\">\n                <div class=\"oxi-image-hover-style-general\">\n                    <div class=\"oxi-image-hover oxi-image-general-hover oxi-image-general-hover-style-13 oxi-image-general-hover-6-25\">\n                                                    <div class=\"oxi-image-hover-figure\">\n                                <div class=\"oxi-image-hover-image\">\n                                    <img decoding=\"async\" src=\"http:\/\/plusenergiequartier.ch\/wp-content\/uploads\/2018\/11\/PEQ_Piktogramme_fr_Technique.png\" >\n                                <\/div>\n                                <div class=\"oxi-image-hover-figure-caption\">\n                                    <div class=\"oxi-image-hover-caption-tab   image-hover-align-center-center\">\n                                                                                    <h3 class=\"oxi-image-hover-heading iheu-fade-up                                                                                         \">Technique<\/h3>\n                                                                                            <div class=\"oxi-image-hover-content iheu-fade-up \">Utilisation sens\u00e9e de techniques \u00e9prouv\u00e9es et innovantes. <br><br> Les syst\u00e8mes simples et compacts n\u00e9cessitent moins d\u2019entretien et sont moins vuln\u00e9rables. <br><br> L\u2019automatisation des b\u00e2timents et la gestion de la charge r\u00e9duisent les efforts de l\u2019utilisateur.<\/div>\n                                                                                <\/div>\n                                <\/div>\n                            <\/div>\n                                                <\/div>\n                <\/div> \n                            <\/div>\n                            <\/div>\n            <\/div>\n\t\t\t\n<h2>Exploitation<\/h2>\n            <div class=\"oxi-addons-container noLightbox oxi-image-hover-wrapper-7 \" id=\"oxi-image-hover-wrapper-7\">\n                <div class=\"oxi-addons-row\">\n                                <div class=\"oxi-image-hover-style oxi-bt-col-lg-6 oxi-bt-col-md-6 oxi-bt-col-sm-12                         \" sa-data-animation=\"zoomIn\" sa-data-animation-duration=\"1000ms\">\n                <div class=\"oxi-image-hover-style-general\">\n                    <div class=\"oxi-image-hover oxi-image-general-hover oxi-image-general-hover-style-13 oxi-image-general-hover-7-26\">\n                                                    <div class=\"oxi-image-hover-figure\">\n                                <div class=\"oxi-image-hover-image\">\n                                    <img decoding=\"async\" src=\"http:\/\/plusenergiequartier.ch\/wp-content\/uploads\/2018\/11\/PEQ_Piktogramme_fr_Utilisation.png\" >\n                                <\/div>\n                                <div class=\"oxi-image-hover-figure-caption\">\n                                    <div class=\"oxi-image-hover-caption-tab   image-hover-align-center-center\">\n                                                                                    <h3 class=\"oxi-image-hover-heading iheu-fade-up                                                                                         \">Utilisation<\/h3>\n                                                                                            <div class=\"oxi-image-hover-content iheu-fade-up \">Les exigences impos\u00e9es aux utilisateurs doivent figurer clairement dans le contrat de bail. <br><br> Les contrats doivent \u00eatre conclus avec l\u2019ensemble des acteurs concern\u00e9s (services \u00e9nerg\u00e9tiques, entrepreneurs, soci\u00e9t\u00e9s de maintenance). <br><br> La quantit\u00e9 d\u2019\u00e9nergie pr\u00e9lev\u00e9e et produite est-elle aussi importante que le calcul qui en a \u00e9t\u00e9 fait ? <br><br> Le comportement des utilisateurs correspond-il aux attentes convenues? <br><br><\/div>\n                                                                                <\/div>\n                                <\/div>\n                            <\/div>\n                                                <\/div>\n                <\/div> \n                            <\/div>\n                        <div class=\"oxi-image-hover-style oxi-bt-col-lg-6 oxi-bt-col-md-6 oxi-bt-col-sm-12                         \" sa-data-animation=\"zoomIn\" sa-data-animation-duration=\"1000ms\">\n                <div class=\"oxi-image-hover-style-general\">\n                    <div class=\"oxi-image-hover oxi-image-general-hover oxi-image-general-hover-style-13 oxi-image-general-hover-7-27\">\n                                                    <div class=\"oxi-image-hover-figure\">\n                                <div class=\"oxi-image-hover-image\">\n                                    <img decoding=\"async\" src=\"http:\/\/plusenergiequartier.ch\/wp-content\/uploads\/2018\/11\/PEQ_Piktogramme_fr_Optimisation.png\" >\n                                <\/div>\n                                <div class=\"oxi-image-hover-figure-caption\">\n                                    <div class=\"oxi-image-hover-caption-tab   image-hover-align-center-center\">\n                                                                                    <h3 class=\"oxi-image-hover-heading iheu-fade-up                                                                                         \">Optimisation<\/h3>\n                                                                                            <div class=\"oxi-image-hover-content iheu-fade-up \">L\u2019optimisation de l\u2019exploitation \/ le monitoring \u00e9nerg\u00e9tique doit \u00eatre assur\u00e9(e) par l\u2019exploitant de l\u2019installation au cours des premi\u00e8res ann\u00e9es apr\u00e8s l\u2019ach\u00e8vement. <br><br> Le quartier \u00e0 \u00e9nergie positive est toujours en mouvement: modification du comportement des utilisateurs \/ changement de locataires, p\u00e9joration du rendement \/ d\u00e9gradation, usure du mat\u00e9riel, changement climatique \/ conditions m\u00e9t\u00e9orologiques. <br><br> D\u00e9finir \/ engager des mesures si un \u00e9cart de rendement appara\u00eet entre le calcul et la consommation effective.<\/div>\n                                                                                <\/div>\n                                <\/div>\n                            <\/div>\n                                                <\/div>\n                <\/div> \n                            <\/div>\n                            <\/div>\n            <\/div>\n\t\t\t\n","protected":false},"excerpt":{"rendered":"<p>La voie vers le quartier \u00e0 \u00e9nergie positive Les projets de quartiers \u00e0 \u00e9nergie positive (QEP) donnent lieu \u00e0 diverses analyses (potentiel, site, conditions l\u00e9gales). A des fins de s\u00e9curit\u00e9 de planification, il faut, durant la premi\u00e8re phase de planification, non seulement effectuer une \u00e9tude faisabilit\u00e9, mais aussi v\u00e9rifier si &hellip;<\/p>\n","protected":false},"author":2,"featured_media":0,"parent":0,"menu_order":0,"comment_status":"closed","ping_status":"closed","template":"","meta":{"_exactmetrics_skip_tracking":false,"_exactmetrics_sitenote_active":false,"_exactmetrics_sitenote_note":"","_exactmetrics_sitenote_category":0,"footnotes":""},"class_list":["post-280","page","type-page","status-publish","hentry"],"_links":{"self":[{"href":"https:\/\/plusenergiequartier.ch\/fr\/wp-json\/wp\/v2\/pages\/280","targetHints":{"allow":["GET"]}}],"collection":[{"href":"https:\/\/plusenergiequartier.ch\/fr\/wp-json\/wp\/v2\/pages"}],"about":[{"href":"https:\/\/plusenergiequartier.ch\/fr\/wp-json\/wp\/v2\/types\/page"}],"author":[{"embeddable":true,"href":"https:\/\/plusenergiequartier.ch\/fr\/wp-json\/wp\/v2\/users\/2"}],"replies":[{"embeddable":true,"href":"https:\/\/plusenergiequartier.ch\/fr\/wp-json\/wp\/v2\/comments?post=280"}],"version-history":[{"count":7,"href":"https:\/\/plusenergiequartier.ch\/fr\/wp-json\/wp\/v2\/pages\/280\/revisions"}],"predecessor-version":[{"id":1004,"href":"https:\/\/plusenergiequartier.ch\/fr\/wp-json\/wp\/v2\/pages\/280\/revisions\/1004"}],"wp:attachment":[{"href":"https:\/\/plusenergiequartier.ch\/fr\/wp-json\/wp\/v2\/media?parent=280"}],"curies":[{"name":"wp","href":"https:\/\/api.w.org\/{rel}","templated":true}]}}