{"id":284,"date":"2018-11-07T17:58:09","date_gmt":"2018-11-07T17:58:09","guid":{"rendered":"http:\/\/plusenergiequartier.ch\/wordpress\/?page_id=284"},"modified":"2019-05-01T17:09:57","modified_gmt":"2019-05-01T17:09:57","slug":"instrument-de-justification","status":"publish","type":"page","link":"https:\/\/plusenergiequartier.ch\/fr\/mise-en-oeuvre\/instrument-de-justification\/","title":{"rendered":"Instrument de justification"},"content":{"rendered":"<h1>Comment puis-je calculer un bilan QEP ?<\/h1>\n<p>Les exigences li\u00e9es au QEP reposent sur des calculs selon les normes de la SIA et le mod\u00e8le de prescriptions \u00e9nerg\u00e9tiques cantonales en vigueur dans le domaine du b\u00e2timent. Le calcul propre \u00e0 chaque b\u00e2timent se base, comme c\u2019est le cas habituellement, sur la norme SIA 380\/1, en ajoutant les besoins de courant sp\u00e9cifiques \u00e0 l\u2019utilisation selon Minergie. Nous recommandons de recourir aux aides existantes de Minergie ou de CECB. Il est ainsi possible de proc\u00e9der \u00e0 des optimisations \u00e0 l\u2019\u00e9chelle d\u2019un b\u00e2timent, mais pas \u00e0 l\u2019\u00e9chelle d\u2019un quartier.<\/p>\n<p>Pour les calculs relatifs aux QEP, le nouvel instrument de justification \u00abGewichtete Gesamtenergiebilanz Quartier\u00bb (en allemand uniquement) est disponible (www.plusenergiequartier.ch). Cet instrument calcule le bilan \u00e9nerg\u00e9tique annuel global du quartier en utilisant les facteurs de pond\u00e9ration nationaux (www.endk.ch) et le rendement de l\u2019installation conform\u00e9ment \u00e0 Minergie. Dans le bilan \u00e9nerg\u00e9tique global pond\u00e9r\u00e9, l\u2019\u00e9nergie renouvelable produite dans le quartier est prise en compte (p. ex. gains en \u00e9nergie solaire, courant issu des \u00e9nergies hydraulique et \u00e9olienne, \u00e9nergie \u00e0 partir de la biomasse) et les besoins des diff\u00e9rents b\u00e2timents et du quartier (p. ex. \u00e9clairage du quartier et a\u00e9ration des parkings souterrains) sont d\u00e9duits.<\/p>\n<p><a href=\"https:\/\/plusenergiequartier.ch\/wp-content\/uploads\/2019\/05\/PlusEnergieQuartierTool_v1.01_fr.xlsx\">T\u00e9l\u00e9charcher l&rsquo;instrument de justification<\/a><\/p>\n<p><a href=\"http:\/\/plusenergiequartier.ch\/wp-content\/uploads\/2018\/11\/Diagramm_Energiebedarf_Energieproduktion_f_fh-1-e1542275617221.png\"><img loading=\"lazy\" decoding=\"async\" class=\"aligncenter wp-image-972 size-large\" src=\"http:\/\/plusenergiequartier.ch\/wp-content\/uploads\/2018\/11\/Diagramm_Energiebedarf_Energieproduktion_f_fh-1-1024x580.png\" alt=\"\" width=\"1024\" height=\"580\" \/><\/a><\/p>\n","protected":false},"excerpt":{"rendered":"<p>Comment puis-je calculer un bilan QEP ? Les exigences li\u00e9es au QEP reposent sur des calculs selon les normes de la SIA et le mod\u00e8le de prescriptions \u00e9nerg\u00e9tiques cantonales en vigueur dans le domaine du b\u00e2timent. Le calcul propre \u00e0 chaque b\u00e2timent se base, comme c\u2019est le cas habituellement, sur &hellip;<\/p>\n","protected":false},"author":2,"featured_media":0,"parent":280,"menu_order":0,"comment_status":"closed","ping_status":"closed","template":"","meta":{"_exactmetrics_skip_tracking":false,"_exactmetrics_sitenote_active":false,"_exactmetrics_sitenote_note":"","_exactmetrics_sitenote_category":0,"footnotes":""},"class_list":["post-284","page","type-page","status-publish","hentry"],"_links":{"self":[{"href":"https:\/\/plusenergiequartier.ch\/fr\/wp-json\/wp\/v2\/pages\/284","targetHints":{"allow":["GET"]}}],"collection":[{"href":"https:\/\/plusenergiequartier.ch\/fr\/wp-json\/wp\/v2\/pages"}],"about":[{"href":"https:\/\/plusenergiequartier.ch\/fr\/wp-json\/wp\/v2\/types\/page"}],"author":[{"embeddable":true,"href":"https:\/\/plusenergiequartier.ch\/fr\/wp-json\/wp\/v2\/users\/2"}],"replies":[{"embeddable":true,"href":"https:\/\/plusenergiequartier.ch\/fr\/wp-json\/wp\/v2\/comments?post=284"}],"version-history":[{"count":7,"href":"https:\/\/plusenergiequartier.ch\/fr\/wp-json\/wp\/v2\/pages\/284\/revisions"}],"predecessor-version":[{"id":1345,"href":"https:\/\/plusenergiequartier.ch\/fr\/wp-json\/wp\/v2\/pages\/284\/revisions\/1345"}],"up":[{"embeddable":true,"href":"https:\/\/plusenergiequartier.ch\/fr\/wp-json\/wp\/v2\/pages\/280"}],"wp:attachment":[{"href":"https:\/\/plusenergiequartier.ch\/fr\/wp-json\/wp\/v2\/media?parent=284"}],"curies":[{"name":"wp","href":"https:\/\/api.w.org\/{rel}","templated":true}]}}