{"id":301,"date":"2018-11-07T18:09:26","date_gmt":"2018-11-07T18:09:26","guid":{"rendered":"http:\/\/plusenergiequartier.ch\/wordpress\/?page_id=301"},"modified":"2018-11-07T18:09:26","modified_gmt":"2018-11-07T18:09:26","slug":"projets","status":"publish","type":"page","link":"https:\/\/plusenergiequartier.ch\/fr\/projets\/","title":{"rendered":"Projets"},"content":{"rendered":"<p>Les technologies et le savoir-faire n\u00e9cessaires pour construire des b\u00e2timents \u00e0 \u00e9nergie positive existent depuis longtemps. Les sites www.solaragentur.ch et www.energie-cluster.ch proposent d\u2019excellents exemples de b\u00e2timents \u00e0 \u00e9nergie positive.<\/p>\n","protected":false},"excerpt":{"rendered":"<p>Les technologies et le savoir-faire n\u00e9cessaires pour construire des b\u00e2timents \u00e0 \u00e9nergie positive existent depuis longtemps. Les sites www.solaragentur.ch et www.energie-cluster.ch proposent d\u2019excellents exemples de b\u00e2timents \u00e0 \u00e9nergie positive.<\/p>\n","protected":false},"author":2,"featured_media":0,"parent":0,"menu_order":0,"comment_status":"closed","ping_status":"closed","template":"","meta":{"_exactmetrics_skip_tracking":false,"_exactmetrics_sitenote_active":false,"_exactmetrics_sitenote_note":"","_exactmetrics_sitenote_category":0,"footnotes":""},"class_list":["post-301","page","type-page","status-publish","hentry"],"_links":{"self":[{"href":"https:\/\/plusenergiequartier.ch\/fr\/wp-json\/wp\/v2\/pages\/301","targetHints":{"allow":["GET"]}}],"collection":[{"href":"https:\/\/plusenergiequartier.ch\/fr\/wp-json\/wp\/v2\/pages"}],"about":[{"href":"https:\/\/plusenergiequartier.ch\/fr\/wp-json\/wp\/v2\/types\/page"}],"author":[{"embeddable":true,"href":"https:\/\/plusenergiequartier.ch\/fr\/wp-json\/wp\/v2\/users\/2"}],"replies":[{"embeddable":true,"href":"https:\/\/plusenergiequartier.ch\/fr\/wp-json\/wp\/v2\/comments?post=301"}],"version-history":[{"count":1,"href":"https:\/\/plusenergiequartier.ch\/fr\/wp-json\/wp\/v2\/pages\/301\/revisions"}],"predecessor-version":[{"id":302,"href":"https:\/\/plusenergiequartier.ch\/fr\/wp-json\/wp\/v2\/pages\/301\/revisions\/302"}],"wp:attachment":[{"href":"https:\/\/plusenergiequartier.ch\/fr\/wp-json\/wp\/v2\/media?parent=301"}],"curies":[{"name":"wp","href":"https:\/\/api.w.org\/{rel}","templated":true}]}}