{"id":318,"date":"2018-11-07T18:21:05","date_gmt":"2018-11-07T18:21:05","guid":{"rendered":"http:\/\/plusenergiequartier.ch\/wordpress\/?page_id=318"},"modified":"2019-01-16T09:52:53","modified_gmt":"2019-01-16T09:52:53","slug":"publications","status":"publish","type":"page","link":"https:\/\/plusenergiequartier.ch\/fr\/publications\/","title":{"rendered":"Publications"},"content":{"rendered":"<h1>Publications sur le projet Quartiers \u00e0 \u00e9nergie positive (QEP)<\/h1>\n<p>La liste des publications sur le projet QEP est r\u00e9guli\u00e8rement compl\u00e9t\u00e9e. Vous pouvez t\u00e9l\u00e9charger les brochures et d\u00e9pliants sur le sujet au format PDF.<\/p>\n<p><a href=\"http:\/\/plusenergiequartier.ch\/wp-content\/uploads\/2018\/11\/Plusenergiequartier_PEQ_Leitfaden_fr_def_ES-1.pdf\"><img loading=\"lazy\" decoding=\"async\" class=\"alignleft wp-image-1031\" src=\"http:\/\/plusenergiequartier.ch\/wp-content\/uploads\/2018\/11\/guide-212x300.png\" alt=\"\" width=\"180\" height=\"254\" srcset=\"https:\/\/plusenergiequartier.ch\/wp-content\/uploads\/2018\/11\/guide-212x300.png 212w, https:\/\/plusenergiequartier.ch\/wp-content\/uploads\/2018\/11\/guide-248x350.png 248w, https:\/\/plusenergiequartier.ch\/wp-content\/uploads\/2018\/11\/guide.png 491w\" sizes=\"auto, (max-width: 180px) 100vw, 180px\" \/><\/a><strong><a href=\"http:\/\/plusenergiequartier.ch\/wp-content\/uploads\/2018\/11\/Plusenergiequartier_PEQ_Leitfaden_fr_def_ES-1.pdf\">Guide &#8211; Quartier \u00e0 \u00e9nergie positive<\/a><\/strong><br \/>\nLe projet Quartier \u00e0 \u00e9nergie positive (QEP) fait progresser le d\u00e9veloppement durable dans le domaine des b\u00e2timents \u00e0 l\u2019aide d\u2019une d\u00e9finition\u00a0simple et claire, et contribue \u00e0 la mise en \u0153uvre de la Strat\u00e9gie \u00e9nerg\u00e9tique 2050 de la Conf\u00e9d\u00e9ration. Le pr\u00e9sent guide d\u00e9finit les points forts\u00a0d\u2019un QEP et constitue une aide en vue de sa mise en \u0153uvre. Il montre\u00a0comment un QEP est cr\u00e9\u00e9.<\/p>\n<p>&nbsp;<\/p>\n<p>&nbsp;<\/p>\n<p>&nbsp;<\/p>\n<p>&nbsp;<\/p>\n<p><a href=\"http:\/\/plusenergiequartier.ch\/wp-content\/uploads\/2019\/01\/PEQ_Flyer_A5_FR_web.pdf\"><img loading=\"lazy\" decoding=\"async\" class=\"size-medium wp-image-1243 alignleft\" src=\"http:\/\/plusenergiequartier.ch\/wp-content\/uploads\/2019\/01\/PEQ_Flyer_A5_FR_web-1-300x211.png\" alt=\"\" width=\"300\" height=\"211\" srcset=\"https:\/\/plusenergiequartier.ch\/wp-content\/uploads\/2019\/01\/PEQ_Flyer_A5_FR_web-1-300x211.png 300w, https:\/\/plusenergiequartier.ch\/wp-content\/uploads\/2019\/01\/PEQ_Flyer_A5_FR_web-1-768x541.png 768w, https:\/\/plusenergiequartier.ch\/wp-content\/uploads\/2019\/01\/PEQ_Flyer_A5_FR_web-1-1024x722.png 1024w, https:\/\/plusenergiequartier.ch\/wp-content\/uploads\/2019\/01\/PEQ_Flyer_A5_FR_web-1-497x350.png 497w\" sizes=\"auto, (max-width: 300px) 100vw, 300px\" \/><\/a><a href=\"http:\/\/plusenergiequartier.ch\/wp-content\/uploads\/2019\/01\/PEQ_Flyer_A5_FR_web.pdf\"><strong>Flyer d&rsquo;information<\/strong><\/a><br \/>\nLes quartiers de l\u2018avenir :<br \/>\nconstruction durable et<br \/>\nconception architecturale flexible<\/p>\n<p>&nbsp;<\/p>\n<p>&nbsp;<\/p>\n<p>&nbsp;<\/p>\n<p>&nbsp;<\/p>\n<p>&nbsp;<\/p>\n","protected":false},"excerpt":{"rendered":"<p>Publications sur le projet Quartiers \u00e0 \u00e9nergie positive (QEP) La liste des publications sur le projet QEP est r\u00e9guli\u00e8rement compl\u00e9t\u00e9e. Vous pouvez t\u00e9l\u00e9charger les brochures et d\u00e9pliants sur le sujet au format PDF. Guide &#8211; Quartier \u00e0 \u00e9nergie positive Le projet Quartier \u00e0 \u00e9nergie positive (QEP) fait progresser le d\u00e9veloppement &hellip;<\/p>\n","protected":false},"author":2,"featured_media":0,"parent":0,"menu_order":0,"comment_status":"closed","ping_status":"closed","template":"","meta":{"_exactmetrics_skip_tracking":false,"_exactmetrics_sitenote_active":false,"_exactmetrics_sitenote_note":"","_exactmetrics_sitenote_category":0,"footnotes":""},"class_list":["post-318","page","type-page","status-publish","hentry"],"_links":{"self":[{"href":"https:\/\/plusenergiequartier.ch\/fr\/wp-json\/wp\/v2\/pages\/318","targetHints":{"allow":["GET"]}}],"collection":[{"href":"https:\/\/plusenergiequartier.ch\/fr\/wp-json\/wp\/v2\/pages"}],"about":[{"href":"https:\/\/plusenergiequartier.ch\/fr\/wp-json\/wp\/v2\/types\/page"}],"author":[{"embeddable":true,"href":"https:\/\/plusenergiequartier.ch\/fr\/wp-json\/wp\/v2\/users\/2"}],"replies":[{"embeddable":true,"href":"https:\/\/plusenergiequartier.ch\/fr\/wp-json\/wp\/v2\/comments?post=318"}],"version-history":[{"count":7,"href":"https:\/\/plusenergiequartier.ch\/fr\/wp-json\/wp\/v2\/pages\/318\/revisions"}],"predecessor-version":[{"id":1245,"href":"https:\/\/plusenergiequartier.ch\/fr\/wp-json\/wp\/v2\/pages\/318\/revisions\/1245"}],"wp:attachment":[{"href":"https:\/\/plusenergiequartier.ch\/fr\/wp-json\/wp\/v2\/media?parent=318"}],"curies":[{"name":"wp","href":"https:\/\/api.w.org\/{rel}","templated":true}]}}