{"id":320,"date":"2018-11-07T18:24:50","date_gmt":"2018-11-07T18:24:50","guid":{"rendered":"http:\/\/plusenergiequartier.ch\/wordpress\/?page_id=320"},"modified":"2018-11-15T09:06:54","modified_gmt":"2018-11-15T09:06:54","slug":"a-notre-sujet","status":"publish","type":"page","link":"https:\/\/plusenergiequartier.ch\/fr\/a-notre-sujet\/","title":{"rendered":"A Notre Sujet"},"content":{"rendered":"<h1>Qui sommes-nous ?<\/h1>\n<p>En partenariat avec Swisscom, La Poste, les CFF, BLS, BKW, le Groupe E, EWB, l\u2019Assurance immobili\u00e8re du canton de Berne (AIB) et l\u2019Union postale universelle, la R\u00e9gion capitale suisse a pris l\u2019initiative de r\u00e9aliser une <a href=\"https:\/\/hauptstadtregion.ch\/fr\/themes\/smart-capital-region\/\">Smart Region<\/a>, une r\u00e9gion intelligente. Elle entend ainsi offrir \u00e0 sa population une qualit\u00e9 de vie optimale tout en m\u00e9nageant les ressources par l\u2019interconnexion intelligente des infrastructures (transports, \u00e9nergie, communication). Avec la r\u00e9alisation progressive des projets pr\u00e9vus, la R\u00e9gion capitale suisse devrait peu \u00e0 peu \u00e9voluer vers une r\u00e9gion capitale intelligente \u00e0 caract\u00e8re exemplaire. Les deux projets \u00ab Electromobilit\u00e9 \u00bb et \u00ab Quartiers et sites \u00e0 \u00e9nergie positive \u00bb ont d\u00e9j\u00e0 \u00e9t\u00e9 lanc\u00e9s.<\/p>\n<p><a href=\"https:\/\/hauptstadtregion.ch\/fr\/\">L\u2019association R\u00e9gion capitale suisse<\/a> regroupe cinq cantons (Berne, Neuch\u00e2tel, Fribourg, Soleure et le Valais) ainsi que de nombreuses villes, communes et organisations r\u00e9gionales sises sur leur territoire. Elle souhaite promouvoir la r\u00e9gion capitale en tant qu\u2019espace de vie et site \u00e9conomique novateur d\u2019importance nationale et internationale.<\/p>\n<h2>Au sujet des quartiers \u00e0 \u00e9nergie positive<\/h2>\n<p>La planification des premiers quartiers \u00e0 \u00e9nergie positive a d\u00e9but\u00e9 en 2016. Les cantons de la <a href=\"https:\/\/hauptstadtregion.ch\/fr\/organisation\/membres\/\">R\u00e9gion capitale suisse collaborent avec les communes, entreprises et investisseurs<\/a> dans le but de lancer des QEP et de proc\u00e9der \u00e0 des \u00e9changes d\u2019exp\u00e9riences dans tous les cantons impliqu\u00e9s.<\/p>\n<h3>Organisation de projet<\/h3>\n<p>Le projet est men\u00e9 par l\u2019Office de la coordination environnementale et de <a href=\"https:\/\/www.bve.be.ch\/bve\/fr\/index\/direktion\/organisation\/aue.html\">l\u2019\u00e9nergie du canton de Berne<\/a>. Un comit\u00e9 strat\u00e9gique et un groupe sp\u00e9cialis\u00e9 soutiennent le projet.<\/p>\n<p>Le comit\u00e9 strat\u00e9gique est responsable les d\u00e9cisions strat\u00e9giques du projet. Il se compose de repr\u00e9sentants des <a href=\"https:\/\/www.endk.ch\/fr\/contact\/services-cantonaux?set_language=fr\">services cantonaux de l&rsquo;\u00e9nergie<\/a>, des cantons de la R\u00e9gion capitale suisse, des <a href=\"\/fr\/partner\/\">entreprises d&rsquo;infrastructure<\/a>, de la R\u00e9gion capitale suisse, de <a href=\"http:\/\/www.bfe.admin.ch\/index.html?lang=fr\">l&rsquo;Office f\u00e9d\u00e9ral de l&rsquo;\u00e9nergie<\/a> et d&rsquo;un repr\u00e9sentant des investisseurs.<\/p>\n<p>Le groupe sp\u00e9cialis\u00e9 soutient les travaux concrets du projet. Il se compose d&rsquo;expert-e-s des entreprises d&rsquo;infrastructure, d&rsquo;expert-e-s du repr\u00e9sentant des investisseurs, des hautes \u00e9coles sp\u00e9cialis\u00e9es, de l&rsquo;association <a href=\"https:\/\/www.energie-cluster.ch\/fr\/le-cluster\/sur-nous-2.html\/\">energie-cluster.ch<\/a>, de l\u2019Assurance immobili\u00e8re Berne, d&rsquo;un repr\u00e9sentant des communes et d&rsquo;un repr\u00e9sentant des \u00ab <a href=\"https:\/\/www.2000watt.swiss\/fr\/\">sites 2000 watts<\/a> \u00bb.<\/p>\n<p><a href=\"http:\/\/plusenergiequartier.ch\/wp-content\/uploads\/2018\/11\/PEQ_Organigramm_FR.png\"><img loading=\"lazy\" decoding=\"async\" class=\"aligncenter wp-image-868\" src=\"http:\/\/plusenergiequartier.ch\/wp-content\/uploads\/2018\/11\/PEQ_Organigramm_FR-857x1024.png\" alt=\"\" width=\"400\" height=\"478\" srcset=\"https:\/\/plusenergiequartier.ch\/wp-content\/uploads\/2018\/11\/PEQ_Organigramm_FR-857x1024.png 857w, https:\/\/plusenergiequartier.ch\/wp-content\/uploads\/2018\/11\/PEQ_Organigramm_FR-251x300.png 251w, https:\/\/plusenergiequartier.ch\/wp-content\/uploads\/2018\/11\/PEQ_Organigramm_FR-768x918.png 768w, https:\/\/plusenergiequartier.ch\/wp-content\/uploads\/2018\/11\/PEQ_Organigramm_FR-293x350.png 293w\" sizes=\"auto, (max-width: 400px) 100vw, 400px\" \/><\/a><\/p>\n","protected":false},"excerpt":{"rendered":"<p>Qui sommes-nous ? En partenariat avec Swisscom, La Poste, les CFF, BLS, BKW, le Groupe E, EWB, l\u2019Assurance immobili\u00e8re du canton de Berne (AIB) et l\u2019Union postale universelle, la R\u00e9gion capitale suisse a pris l\u2019initiative de r\u00e9aliser une Smart Region, une r\u00e9gion intelligente. Elle entend ainsi offrir \u00e0 sa population &hellip;<\/p>\n","protected":false},"author":2,"featured_media":0,"parent":0,"menu_order":0,"comment_status":"closed","ping_status":"closed","template":"","meta":{"_exactmetrics_skip_tracking":false,"_exactmetrics_sitenote_active":false,"_exactmetrics_sitenote_note":"","_exactmetrics_sitenote_category":0,"footnotes":""},"class_list":["post-320","page","type-page","status-publish","hentry"],"_links":{"self":[{"href":"https:\/\/plusenergiequartier.ch\/fr\/wp-json\/wp\/v2\/pages\/320","targetHints":{"allow":["GET"]}}],"collection":[{"href":"https:\/\/plusenergiequartier.ch\/fr\/wp-json\/wp\/v2\/pages"}],"about":[{"href":"https:\/\/plusenergiequartier.ch\/fr\/wp-json\/wp\/v2\/types\/page"}],"author":[{"embeddable":true,"href":"https:\/\/plusenergiequartier.ch\/fr\/wp-json\/wp\/v2\/users\/2"}],"replies":[{"embeddable":true,"href":"https:\/\/plusenergiequartier.ch\/fr\/wp-json\/wp\/v2\/comments?post=320"}],"version-history":[{"count":16,"href":"https:\/\/plusenergiequartier.ch\/fr\/wp-json\/wp\/v2\/pages\/320\/revisions"}],"predecessor-version":[{"id":957,"href":"https:\/\/plusenergiequartier.ch\/fr\/wp-json\/wp\/v2\/pages\/320\/revisions\/957"}],"wp:attachment":[{"href":"https:\/\/plusenergiequartier.ch\/fr\/wp-json\/wp\/v2\/media?parent=320"}],"curies":[{"name":"wp","href":"https:\/\/api.w.org\/{rel}","templated":true}]}}