{"id":361,"date":"2018-11-11T19:33:22","date_gmt":"2018-11-11T19:33:22","guid":{"rendered":"http:\/\/plusenergiequartier.ch\/wordpress\/?page_id=361"},"modified":"2018-11-15T10:31:22","modified_gmt":"2018-11-15T10:31:22","slug":"concept","status":"publish","type":"page","link":"https:\/\/plusenergiequartier.ch\/fr\/concept\/","title":{"rendered":"Concept"},"content":{"rendered":"<h2>Points forts d\u2019un quartier \u00e0 \u00e9nergie positive<\/h2>\n<p>But : r\u00e9aliser des QEP dans divers espaces (villes, agglom\u00e9rations, r\u00e9gions rurales) et conditions d\u2019am\u00e9nagement (zones d\u2019habitation, zones d\u2019activit\u00e9, zones mixtes), que ce soit dans le cadre de travaux de construction ou de r\u00e9novation.<\/p>\n<p><a href=\"http:\/\/plusenergiequartier.ch\/wp-content\/uploads\/2018\/11\/PEQ_Grafik_Erwirtschaftung_fr_Lay13.png\"><img loading=\"lazy\" decoding=\"async\" class=\"aligncenter wp-image-998 size-large\" src=\"http:\/\/plusenergiequartier.ch\/wp-content\/uploads\/2018\/11\/PEQ_Grafik_Erwirtschaftung_fr_Lay13-1024x536.png\" alt=\"\" width=\"1024\" height=\"536\" srcset=\"https:\/\/plusenergiequartier.ch\/wp-content\/uploads\/2018\/11\/PEQ_Grafik_Erwirtschaftung_fr_Lay13-1024x536.png 1024w, https:\/\/plusenergiequartier.ch\/wp-content\/uploads\/2018\/11\/PEQ_Grafik_Erwirtschaftung_fr_Lay13-300x157.png 300w, https:\/\/plusenergiequartier.ch\/wp-content\/uploads\/2018\/11\/PEQ_Grafik_Erwirtschaftung_fr_Lay13-768x402.png 768w, https:\/\/plusenergiequartier.ch\/wp-content\/uploads\/2018\/11\/PEQ_Grafik_Erwirtschaftung_fr_Lay13-669x350.png 669w\" sizes=\"auto, (max-width: 1024px) 100vw, 1024px\" \/><\/a><\/p>\n<h2><strong>Un QEP<\/strong><\/h2>\n<ul>\n<li>a un bilan \u00e9nerg\u00e9tique annuel positif<\/li>\n<li>utilise les \u00e9nergies renouvelables, les technologies intelligentes et l\u2019architecture solaire<\/li>\n<li>contribue \u00e0 la mise en \u0153uvre de la Strat\u00e9gie \u00e9nerg\u00e9tique 2050<\/li>\n<li>se d\u00e9finit par rapport \u00e0 l\u2019\u00e9nergie d\u2019exploitation et \u00e0 d\u2019autres aspects de la construction durable qu\u2019il compl\u00e8te<\/li>\n<li>comprend au moins deux b\u00e2timents d\u2019une surface de plancher totale de 5 000 m2<\/li>\n<li>offre une grande libert\u00e9 en mati\u00e8re de cr\u00e9ation<\/li>\n<li>s\u2019adapte bien aux affectations mixtes<\/li>\n<li>permet d\u2019int\u00e9grer des b\u00e2timents plus anciens<\/li>\n<li>se base sur des prescriptions et instruments existants (<a href=\"http:\/\/www.sia.ch\/fr\/\">SIA<\/a>, <a href=\"https:\/\/www.endk.ch\/fr\/politique-energetique\/mopec\">MoPEC<\/a>)<\/li>\n<li>se laisse id\u00e9alement combiner avec les labels <a href=\"https:\/\/www.cecb.ch\/\">CECB<\/a>, <a href=\"https:\/\/www.minergie.ch\/fr\/?l\">MINERGIE<\/a>, <a href=\"http:\/\/www.snbs-cert.ch\/fr\/\">SNBS<\/a> et <a href=\"https:\/\/www.2000watt.swiss\/fr\/\">Site 2000 watts<\/a><\/li>\n<li>entra\u00eene des co\u00fbts d\u2019exploitation toujours faibles<\/li>\n<\/ul>\n<p>&nbsp;<\/p>\n<h2>Comment puis-je calculer le bilan d\u2019un QEP ?<\/h2>\n<p>Les exigences li\u00e9es au QEP reposent sur des calculs selon les normes de la SIA et le mod\u00e8le de prescriptions \u00e9nerg\u00e9tiques cantonales en vigueur dans le domaine du b\u00e2timent. Le calcul propre \u00e0 chaque b\u00e2timent se base, comme c\u2019est le cas habituellement, sur la norme <a href=\"http:\/\/shop.sia.ch\/normenwerk\/architekt\/380-1_2016_d\/F\/Product\/\">SIA 380\/1<\/a>, en ajoutant les besoins de courant sp\u00e9cifiques \u00e0 l\u2019utilisation selon Minergie. Nous recommandons de recourir aux aides existantes de Minergie ou de CECB. Il est ainsi possible de proc\u00e9der \u00e0 des optimisations \u00e0 l\u2019\u00e9chelle d\u2019un b\u00e2timent, mais pas \u00e0 l\u2019\u00e9chelle d\u2019un quartier.<\/p>\n<p>Pour les calculs relatifs aux QEP, le nouvel <a href=\"http:\/\/plusenergiequartier.ch\/wp-content\/uploads\/2018\/11\/PlusEnergieQuartierTool_v1.0_fr.xlsx\">instrument de justification<\/a> est disponible. Cet instrument calcule le bilan \u00e9nerg\u00e9tique annuel global du quartier en utilisant <a href=\"https:\/\/www.endk.ch\/fr\/professionnels\/justificatif-energetique\">les facteurs de pond\u00e9ration nationaux<\/a> et le rendement de l\u2019installation conform\u00e9ment \u00e0 Minergie. Dans le bilan \u00e9nerg\u00e9tique global pond\u00e9r\u00e9, l\u2019\u00e9nergie renouvelable produite dans le quartier est prise en compte (p. ex. gains en \u00e9nergie solaire, courant issu des \u00e9nergies hydraulique et \u00e9olienne, \u00e9nergie \u00e0 partir de la biomasse) et les besoins des diff\u00e9rents b\u00e2timents et du quartier (p. ex. \u00e9clairage du quartier et a\u00e9ration des parkings souterrains) sont d\u00e9duits.<\/p>\n<p><a href=\"http:\/\/plusenergiequartier.ch\/wp-content\/uploads\/2018\/11\/Diagramm_Energiebedarf_Energieproduktion_f_fh-1-e1542275617221.png\"><img loading=\"lazy\" decoding=\"async\" class=\"aligncenter wp-image-972 size-large\" src=\"http:\/\/plusenergiequartier.ch\/wp-content\/uploads\/2018\/11\/Diagramm_Energiebedarf_Energieproduktion_f_fh-1-1024x580.png\" alt=\"\" width=\"1024\" height=\"580\" \/><\/a><\/p>\n","protected":false},"excerpt":{"rendered":"<p>Points forts d\u2019un quartier \u00e0 \u00e9nergie positive But : r\u00e9aliser des QEP dans divers espaces (villes, agglom\u00e9rations, r\u00e9gions rurales) et conditions d\u2019am\u00e9nagement (zones d\u2019habitation, zones d\u2019activit\u00e9, zones mixtes), que ce soit dans le cadre de travaux de construction ou de r\u00e9novation. Un QEP a un bilan \u00e9nerg\u00e9tique annuel positif utilise &hellip;<\/p>\n","protected":false},"author":1,"featured_media":0,"parent":0,"menu_order":0,"comment_status":"closed","ping_status":"closed","template":"","meta":{"_exactmetrics_skip_tracking":false,"_exactmetrics_sitenote_active":false,"_exactmetrics_sitenote_note":"","_exactmetrics_sitenote_category":0,"footnotes":""},"class_list":["post-361","page","type-page","status-publish","hentry"],"_links":{"self":[{"href":"https:\/\/plusenergiequartier.ch\/fr\/wp-json\/wp\/v2\/pages\/361","targetHints":{"allow":["GET"]}}],"collection":[{"href":"https:\/\/plusenergiequartier.ch\/fr\/wp-json\/wp\/v2\/pages"}],"about":[{"href":"https:\/\/plusenergiequartier.ch\/fr\/wp-json\/wp\/v2\/types\/page"}],"author":[{"embeddable":true,"href":"https:\/\/plusenergiequartier.ch\/fr\/wp-json\/wp\/v2\/users\/1"}],"replies":[{"embeddable":true,"href":"https:\/\/plusenergiequartier.ch\/fr\/wp-json\/wp\/v2\/comments?post=361"}],"version-history":[{"count":28,"href":"https:\/\/plusenergiequartier.ch\/fr\/wp-json\/wp\/v2\/pages\/361\/revisions"}],"predecessor-version":[{"id":1000,"href":"https:\/\/plusenergiequartier.ch\/fr\/wp-json\/wp\/v2\/pages\/361\/revisions\/1000"}],"wp:attachment":[{"href":"https:\/\/plusenergiequartier.ch\/fr\/wp-json\/wp\/v2\/media?parent=361"}],"curies":[{"name":"wp","href":"https:\/\/api.w.org\/{rel}","templated":true}]}}