{"id":398,"date":"2018-11-12T07:41:18","date_gmt":"2018-11-12T07:41:18","guid":{"rendered":"http:\/\/plusenergiequartier.ch\/wordpress\/?page_id=398"},"modified":"2018-11-28T08:27:11","modified_gmt":"2018-11-28T08:27:11","slug":"home","status":"publish","type":"page","link":"https:\/\/plusenergiequartier.ch\/fr\/","title":{"rendered":"Home"},"content":{"rendered":"<p>Le projet Quartiers \u00e0 \u00e9nergie positive (QEP) repose sur un concept clair et pr\u00e9cis permettant de faire progresser le d\u00e9veloppement durable dans le domaine du b\u00e2timent. A ce titre, il contribue \u00e0 la mise en \u0153uvre de la <a href=\"http:\/\/www.bfe.admin.ch\/energiestrategie2050\/index.html?lang=fr\">Strat\u00e9gie \u00e9nerg\u00e9tique 2050<\/a> de la Conf\u00e9d\u00e9ration.<\/p>\n<p>Un QEP produit sur l\u2019ann\u00e9e plus d\u2019\u00e9nergie qu\u2019il n\u2019en consomme. Dans le canton de Berne, trois quartiers sont d\u00e9j\u00e0 en cours de <a href=\"http:\/\/plusenergiequartier.ch\/projekte\/in-planung\/\">planification<\/a> dans les communes d\u2019Ittigen, de K\u00f6niz et de Schwarzenburg. Dans le cadre de ces projets, les cantons, r\u00e9gions et communes collaborent avec des entreprises d\u2019infrastructures et des investisseurs tout en impliquant la population.<\/p>\n<p>La R\u00e9gion capitale suisse promeut ces QEP en collaboration notamment avec BKW, EWB, l\u2019AIB\/GVB, La Poste et Swisscom, dans le cadre de sa strat\u00e9gie visant \u00e0 mettre en place une r\u00e9gion capitale intelligente.<\/p>\n","protected":false},"excerpt":{"rendered":"<p>Le projet Quartiers \u00e0 \u00e9nergie positive (QEP) repose sur un concept clair et pr\u00e9cis permettant de faire progresser le d\u00e9veloppement durable dans le domaine du b\u00e2timent. A ce titre, il contribue \u00e0 la mise en \u0153uvre de la Strat\u00e9gie \u00e9nerg\u00e9tique 2050 de la Conf\u00e9d\u00e9ration. Un QEP produit sur l\u2019ann\u00e9e plus &hellip;<\/p>\n","protected":false},"author":1,"featured_media":0,"parent":0,"menu_order":0,"comment_status":"closed","ping_status":"closed","template":"","meta":{"_exactmetrics_skip_tracking":false,"_exactmetrics_sitenote_active":false,"_exactmetrics_sitenote_note":"","_exactmetrics_sitenote_category":0,"footnotes":""},"class_list":["post-398","page","type-page","status-publish","hentry"],"_links":{"self":[{"href":"https:\/\/plusenergiequartier.ch\/fr\/wp-json\/wp\/v2\/pages\/398","targetHints":{"allow":["GET"]}}],"collection":[{"href":"https:\/\/plusenergiequartier.ch\/fr\/wp-json\/wp\/v2\/pages"}],"about":[{"href":"https:\/\/plusenergiequartier.ch\/fr\/wp-json\/wp\/v2\/types\/page"}],"author":[{"embeddable":true,"href":"https:\/\/plusenergiequartier.ch\/fr\/wp-json\/wp\/v2\/users\/1"}],"replies":[{"embeddable":true,"href":"https:\/\/plusenergiequartier.ch\/fr\/wp-json\/wp\/v2\/comments?post=398"}],"version-history":[{"count":4,"href":"https:\/\/plusenergiequartier.ch\/fr\/wp-json\/wp\/v2\/pages\/398\/revisions"}],"predecessor-version":[{"id":808,"href":"https:\/\/plusenergiequartier.ch\/fr\/wp-json\/wp\/v2\/pages\/398\/revisions\/808"}],"wp:attachment":[{"href":"https:\/\/plusenergiequartier.ch\/fr\/wp-json\/wp\/v2\/media?parent=398"}],"curies":[{"name":"wp","href":"https:\/\/api.w.org\/{rel}","templated":true}]}}