{"id":640,"date":"2018-11-12T15:54:11","date_gmt":"2018-11-12T15:54:11","guid":{"rendered":"http:\/\/plusenergiequartier.ch\/wordpress\/foerderung\/"},"modified":"2018-11-12T19:17:35","modified_gmt":"2018-11-12T19:17:35","slug":"foerderung","status":"publish","type":"page","link":"https:\/\/plusenergiequartier.ch\/fr\/foerderung\/","title":{"rendered":"Encouragement"},"content":{"rendered":"<h2>Les QEP b\u00e9n\u00e9ficient d\u2019un soutien sur les plans conceptuel et financier<\/h2>\n<p>Les quartiers \u00e0 \u00e9nergie positive r\u00e9pondent \u00e0 des exigences \u00e9lev\u00e9es en mati\u00e8re d\u2019efficacit\u00e9 \u00e9nerg\u00e9tique et d\u2019utilisation des \u00e9nergies renouvelables. Par cons\u00e9quent, ils peuvent b\u00e9n\u00e9ficier d\u2019un soutien dans le cadre de programmes d\u2019encouragement f\u00e9d\u00e9raux, cantonaux et communaux ou de simplifications des prescriptions. Les incitations sont par exemple une augmentation du degr\u00e9 d\u2019utilisation, une simplifica-tion des proc\u00e9dures de justification pour les quartiers, une acc\u00e9l\u00e9ration des processus d\u2019autorisation\/des d\u00e9ductions fiscales ainsi que des contributions financi\u00e8res. Les contributions d\u2019encouragement peuvent \u00eatre octroy\u00e9es pour des mesures indirectes (\u00e9tudes de faisabilit\u00e9, conseils, s\u00e9ances d\u2019informations, for-mation en lien avec un QEP) ou pour les co\u00fbts d\u2019investissement d\u2019un QEP.<\/p>\n<p>En principe, les contributions d\u2019encouragement doivent toujours \u00eatre sollicit\u00e9es \u00e0 l\u2019avance. Les possibili-t\u00e9s existantes et les documents requis doivent \u00eatre clarifi\u00e9s au pr\u00e9alable aupr\u00e8s de la commune et du canton. Les exemples suivants pr\u00e9sentent les projets qui b\u00e9n\u00e9ficient d\u00e9j\u00e0 d\u2019un soutien.<\/p>\n<h2>Programmes d\u2019encouragement cantonaux<\/h2>\n<p><a href=\"https:\/\/www.energiefoerderung.bve.be.ch\/energiefoerderung_bve\/fr\/index\/navi\/index.html\">Berne<\/a><br \/>\n<a href=\"https:\/\/www.fr.ch\/sommaire\/subventions-en-matiere-denergie\">Fribourg<\/a><br \/>\n<a href=\"https:\/\/www.ne.ch\/autorites\/DDTE\/SENE\/energie\/Pages\/Subventions.aspx\">Neuch\u00e2tel<\/a><br \/>\n<a href=\"https:\/\/www.so.ch\/verwaltung\/volkswirtschaftsdepartement\/amt-fuer-wirtschaft-und-arbeit\/energiefachstelle\/energiefoerderprogramm\/\">Soleure<\/a><br \/>\n<a href=\"https:\/\/www.vs.ch\/fr\/web\/sefh\/programmes-de-promotion\/aides-financieres\">Valais<\/a><\/p>\n<p>Exemples de projets, travaux et activit\u00e9s encourag\u00e9s<\/p>\n<p>&nbsp;<\/p>\n<div id='gallery-1' class='gallery galleryid-640 gallery-columns-4 gallery-size-thumbnail'><figure class='gallery-item'>\n\t\t\t<div class='gallery-icon landscape'>\n\t\t\t\t<a href='https:\/\/plusenergiequartier.ch\/fr\/foerderung\/leitfaden-beratung-2\/'><img loading=\"lazy\" decoding=\"async\" width=\"150\" height=\"150\" src=\"https:\/\/plusenergiequartier.ch\/wp-content\/uploads\/2018\/11\/Leitfaden-Beratung-150x150.jpg\" class=\"attachment-thumbnail size-thumbnail\" alt=\"\" aria-describedby=\"gallery-1-631\" srcset=\"https:\/\/plusenergiequartier.ch\/wp-content\/uploads\/2018\/11\/Leitfaden-Beratung-150x150.jpg 150w, https:\/\/plusenergiequartier.ch\/wp-content\/uploads\/2018\/11\/Leitfaden-Beratung-300x300.jpg 300w, https:\/\/plusenergiequartier.ch\/wp-content\/uploads\/2018\/11\/Leitfaden-Beratung-768x768.jpg 768w, https:\/\/plusenergiequartier.ch\/wp-content\/uploads\/2018\/11\/Leitfaden-Beratung-350x350.jpg 350w, https:\/\/plusenergiequartier.ch\/wp-content\/uploads\/2018\/11\/Leitfaden-Beratung.jpg 903w\" sizes=\"auto, (max-width: 150px) 100vw, 150px\" \/><\/a>\n\t\t\t<\/div>\n\t\t\t\t<figcaption class='wp-caption-text gallery-caption' id='gallery-1-631'>\n\t\t\t\t* Etudes de faisabilit\u00e9<br>  * Analyses sommaires <br> * CECB Plus\n\t\t\t\t<\/figcaption><\/figure><figure class='gallery-item'>\n\t\t\t<div class='gallery-icon landscape'>\n\t\t\t\t<a href='https:\/\/plusenergiequartier.ch\/fr\/foerderung\/leitfaden-gebaeude-2\/'><img loading=\"lazy\" decoding=\"async\" width=\"150\" height=\"150\" src=\"https:\/\/plusenergiequartier.ch\/wp-content\/uploads\/2018\/11\/Leitfaden-Gebaeude-150x150.jpg\" class=\"attachment-thumbnail size-thumbnail\" alt=\"\" aria-describedby=\"gallery-1-635\" srcset=\"https:\/\/plusenergiequartier.ch\/wp-content\/uploads\/2018\/11\/Leitfaden-Gebaeude-150x150.jpg 150w, https:\/\/plusenergiequartier.ch\/wp-content\/uploads\/2018\/11\/Leitfaden-Gebaeude-300x300.jpg 300w, https:\/\/plusenergiequartier.ch\/wp-content\/uploads\/2018\/11\/Leitfaden-Gebaeude-768x768.jpg 768w, https:\/\/plusenergiequartier.ch\/wp-content\/uploads\/2018\/11\/Leitfaden-Gebaeude-350x350.jpg 350w, https:\/\/plusenergiequartier.ch\/wp-content\/uploads\/2018\/11\/Leitfaden-Gebaeude.jpg 932w\" sizes=\"auto, (max-width: 150px) 100vw, 150px\" \/><\/a>\n\t\t\t<\/div>\n\t\t\t\t<figcaption class='wp-caption-text gallery-caption' id='gallery-1-635'>\n\t\t\t\t* B\u00e2timent \u00e0 \u00e9nergie positive ou Minergie-A\u00ae <br>  * CECB A-A et Minergie-P  <br>* R\u00e9novation du b\u00e2timent selon le CECB  <br>* Nouvelles constructions de remplacement\n\t\t\t\t<\/figcaption><\/figure><figure class='gallery-item'>\n\t\t\t<div class='gallery-icon landscape'>\n\t\t\t\t<a href='https:\/\/plusenergiequartier.ch\/fr\/foerderung\/leifaden-anlagen-2\/'><img loading=\"lazy\" decoding=\"async\" width=\"150\" height=\"150\" src=\"https:\/\/plusenergiequartier.ch\/wp-content\/uploads\/2018\/11\/Leifaden-Anlagen-150x150.jpg\" class=\"attachment-thumbnail size-thumbnail\" alt=\"\" aria-describedby=\"gallery-1-633\" srcset=\"https:\/\/plusenergiequartier.ch\/wp-content\/uploads\/2018\/11\/Leifaden-Anlagen-150x150.jpg 150w, https:\/\/plusenergiequartier.ch\/wp-content\/uploads\/2018\/11\/Leifaden-Anlagen-300x300.jpg 300w, https:\/\/plusenergiequartier.ch\/wp-content\/uploads\/2018\/11\/Leifaden-Anlagen-768x768.jpg 768w, https:\/\/plusenergiequartier.ch\/wp-content\/uploads\/2018\/11\/Leifaden-Anlagen-350x350.jpg 350w, https:\/\/plusenergiequartier.ch\/wp-content\/uploads\/2018\/11\/Leifaden-Anlagen.jpg 925w\" sizes=\"auto, (max-width: 150px) 100vw, 150px\" \/><\/a>\n\t\t\t<\/div>\n\t\t\t\t<figcaption class='wp-caption-text gallery-caption' id='gallery-1-633'>\n\t\t\t\t* R\u00e9seaux de chaleur \u00e0 distance aliment\u00e9s par des \u00e9nergies renouvelables <br> * Chaudi\u00e8res au bois et \u00e0 biomasse\n\t\t\t\t<\/figcaption><\/figure><figure class='gallery-item'>\n\t\t\t<div class='gallery-icon landscape'>\n\t\t\t\t<a href='https:\/\/plusenergiequartier.ch\/fr\/foerderung\/leitfaden-information-2\/'><img loading=\"lazy\" decoding=\"async\" width=\"150\" height=\"150\" src=\"https:\/\/plusenergiequartier.ch\/wp-content\/uploads\/2018\/11\/Leitfaden-Information-150x150.jpg\" class=\"attachment-thumbnail size-thumbnail\" alt=\"\" aria-describedby=\"gallery-1-637\" srcset=\"https:\/\/plusenergiequartier.ch\/wp-content\/uploads\/2018\/11\/Leitfaden-Information-150x150.jpg 150w, https:\/\/plusenergiequartier.ch\/wp-content\/uploads\/2018\/11\/Leitfaden-Information-300x300.jpg 300w, https:\/\/plusenergiequartier.ch\/wp-content\/uploads\/2018\/11\/Leitfaden-Information-768x768.jpg 768w, https:\/\/plusenergiequartier.ch\/wp-content\/uploads\/2018\/11\/Leitfaden-Information-350x350.jpg 350w, https:\/\/plusenergiequartier.ch\/wp-content\/uploads\/2018\/11\/Leitfaden-Information.jpg 931w\" sizes=\"auto, (max-width: 150px) 100vw, 150px\" \/><\/a>\n\t\t\t<\/div>\n\t\t\t\t<figcaption class='wp-caption-text gallery-caption' id='gallery-1-637'>\n\t\t\t\t* Conseils<br>  * S\u00e9ances d\u2019informations  <br>* Formations et formations continues QEP\n\t\t\t\t<\/figcaption><\/figure>\n\t\t<\/div>\n\n<p>&nbsp;<\/p>\n<p>&nbsp;<\/p>\n","protected":false},"excerpt":{"rendered":"<p>Les QEP b\u00e9n\u00e9ficient d\u2019un soutien sur les plans conceptuel et financier Les quartiers \u00e0 \u00e9nergie positive r\u00e9pondent \u00e0 des exigences \u00e9lev\u00e9es en mati\u00e8re d\u2019efficacit\u00e9 \u00e9nerg\u00e9tique et d\u2019utilisation des \u00e9nergies renouvelables. Par cons\u00e9quent, ils peuvent b\u00e9n\u00e9ficier d\u2019un soutien dans le cadre de programmes d\u2019encouragement f\u00e9d\u00e9raux, cantonaux et communaux ou de simplifications &hellip;<\/p>\n","protected":false},"author":1,"featured_media":0,"parent":0,"menu_order":0,"comment_status":"closed","ping_status":"closed","template":"","meta":{"_exactmetrics_skip_tracking":false,"_exactmetrics_sitenote_active":false,"_exactmetrics_sitenote_note":"","_exactmetrics_sitenote_category":0,"footnotes":""},"class_list":["post-640","page","type-page","status-publish","hentry"],"_links":{"self":[{"href":"https:\/\/plusenergiequartier.ch\/fr\/wp-json\/wp\/v2\/pages\/640","targetHints":{"allow":["GET"]}}],"collection":[{"href":"https:\/\/plusenergiequartier.ch\/fr\/wp-json\/wp\/v2\/pages"}],"about":[{"href":"https:\/\/plusenergiequartier.ch\/fr\/wp-json\/wp\/v2\/types\/page"}],"author":[{"embeddable":true,"href":"https:\/\/plusenergiequartier.ch\/fr\/wp-json\/wp\/v2\/users\/1"}],"replies":[{"embeddable":true,"href":"https:\/\/plusenergiequartier.ch\/fr\/wp-json\/wp\/v2\/comments?post=640"}],"version-history":[{"count":7,"href":"https:\/\/plusenergiequartier.ch\/fr\/wp-json\/wp\/v2\/pages\/640\/revisions"}],"predecessor-version":[{"id":746,"href":"https:\/\/plusenergiequartier.ch\/fr\/wp-json\/wp\/v2\/pages\/640\/revisions\/746"}],"wp:attachment":[{"href":"https:\/\/plusenergiequartier.ch\/fr\/wp-json\/wp\/v2\/media?parent=640"}],"curies":[{"name":"wp","href":"https:\/\/api.w.org\/{rel}","templated":true}]}}