{"id":755,"date":"2018-11-12T19:51:21","date_gmt":"2018-11-12T19:51:21","guid":{"rendered":"http:\/\/plusenergiequartier.ch\/wordpress\/?page_id=755"},"modified":"2024-02-01T08:55:26","modified_gmt":"2024-02-01T08:55:26","slug":"protection-des-donnees","status":"publish","type":"page","link":"https:\/\/plusenergiequartier.ch\/fr\/protection-des-donnees\/","title":{"rendered":"Politique de confidentialit\u00e9"},"content":{"rendered":"<p><strong>1. Responsable et contenu de la pr\u00e9sente politique de confidentialit\u00e9<br \/>\n<\/strong><br \/>\nNous, R\u00e9gion capitale suisse\u00a0(c\/o furrerhugi, Schauplatzgasse 39, 3011 Bern), exploitons le site Web.\u00a0Sauf indication contraire, nous sommes responsables du traitement des donn\u00e9es indiqu\u00e9 dans la pr\u00e9sente politique de confidentialit\u00e9.<\/p>\n<p>Pour la protection des donn\u00e9es, nous nous basons principalement sur les dispositions l\u00e9gales du droit suisse de la protection des donn\u00e9es, notamment la loi f\u00e9d\u00e9rale sur la protection des donn\u00e9es (\u00ab\u00a0LPD\u00a0\u00bb) et le r\u00e8glement g\u00e9n\u00e9ral de l&rsquo;UE sur la protection des donn\u00e9es (\u00ab\u00a0RGPD\u00a0\u00bb), dont les dispositions peuvent s&rsquo;appliquer dans des cas individuels. Afin que vous sachiez quelles donn\u00e9es personnelles nous recueillons et \u00e0 quelles fins nous les utilisons, veuillez lire les informations ci-dessous.<\/p>\n<p><strong>2. Interlocuteur pour la protection des donn\u00e9es<br \/>\n<\/strong><br \/>\nSi vous avez des questions sur la protection des donn\u00e9es ou si vous souhaitez exercer vos droits, veuillez contacter notre personne de contact pour la protection des donn\u00e9es en envoyant un e-mail \u00e0 l&rsquo;adresse suivante : <a href=\"info@regioncapitale.ch\" data-mailto-token=\"nbjmup+jogpAsfhjpodbqjubmf\/di\" data-mailto-vector=\"1\">info@regioncapitale.ch<\/a><\/p>\n<p>Vous pouvez \u00e9galement nous contacter par courrier \u00e0 l&rsquo;adresse suivante\u00a0:<\/p>\n<p>R\u00e9gion capitale suisse<br \/>\nc\/o furrerhugi<br \/>\nSchauplatzgasse 39<br \/>\n3011 Bern<br \/>\nSuisse<\/p>\n<p><strong>3. Lors de la consultation de notre site Web (donn\u00e9es du fichier journal)<br \/>\n<\/strong><br \/>\nLorsque vous consultez notre site Web, les serveurs de notre h\u00e9bergeur stockent chaque acc\u00e8s dans un fichier journal (appel\u00e9 Logfile) pour une p\u00e9riode maximale de 12 mois. Les donn\u00e9es suivantes sont recueillies et stock\u00e9es par nos soins jusqu&rsquo;\u00e0 leur suppression automatique\u00a0:<\/p>\n<ul>\n<li>l&rsquo;adresse IP de l&rsquo;ordinateur demandeur,<\/li>\n<li>la date et l&rsquo;heure de l&rsquo;acc\u00e8s,<\/li>\n<li>le nom et l&rsquo;URL du fichier consult\u00e9,<\/li>\n<li>le site Web \u00e0 partir duquel l&rsquo;acc\u00e8s a \u00e9t\u00e9 effectu\u00e9 (URL de r\u00e9f\u00e9rence), le cas \u00e9ch\u00e9ant avec le terme de recherche utilis\u00e9,<\/li>\n<li>le syst\u00e8me d&rsquo;exploitation de votre ordinateur et le navigateur que vous utilisez (y compris le type, la version et le r\u00e9glage de la langue),<\/li>\n<li>le type d&rsquo;appareil en cas d&rsquo;acc\u00e8s avec un t\u00e9l\u00e9phone portable,<\/li>\n<li>la ville ou la r\u00e9gion \u00e0 partir de laquelle l&rsquo;acc\u00e8s a \u00e9t\u00e9 effectu\u00e9 et<\/li>\n<li>le nom de votre fournisseur d&rsquo;acc\u00e8s Internet.<\/li>\n<\/ul>\n<p>Le traitement de ces donn\u00e9es a pour objectif de permettre l&rsquo;utilisation de notre site Web, de garantir durablement la s\u00e9curit\u00e9 et la stabilit\u00e9 du syst\u00e8me et d&rsquo;analyser les erreurs et les performances. Il nous permet \u00e9galement d&rsquo;optimiser notre site Web.<\/p>\n<p>En cas d&rsquo;attaque de l&rsquo;infrastructure du r\u00e9seau ou en cas de suspicion d&rsquo;une autre utilisation non autoris\u00e9e ou inappropri\u00e9e du site Web, l&rsquo;adresse IP sera \u00e9valu\u00e9e \u00e0 des fins de clarification et de d\u00e9fense et, si n\u00e9cessaire, elle sera utilis\u00e9e dans le cadre de proc\u00e9dures p\u00e9nales d&rsquo;identification et dans des proc\u00e9dures civiles et p\u00e9nales \u00e0 l&rsquo;encontre des utilisateurs concern\u00e9s.<\/p>\n<p>Dans les finalit\u00e9s d\u00e9crites ci-dessus, l&rsquo;int\u00e9r\u00eat que nous portons au traitement des donn\u00e9es est l\u00e9gitime au sens de l&rsquo;art. 6 par. 1 let.\u00a0f RGPD.<\/p>\n<p><strong>4. Utilisation de l&rsquo;une de nos moyens de prise de contact<br \/>\n<\/strong><br \/>\nSi vous nous contactez via nos adresses et canaux de contact (par exemple par e-mail ou par t\u00e9l\u00e9phone), vos donn\u00e9es personnelles seront trait\u00e9es. Les donn\u00e9es que vous nous avez fournies, telles que le nom de votre entreprise, votre nom, votre fonction, votre adresse e-mail ou votre num\u00e9ro de t\u00e9l\u00e9phone et votre demande, feront l\u2019objet d\u2019un traitement. \u00c9galement, l&rsquo;heure de r\u00e9ception de la demande est document\u00e9e.<\/p>\n<p>Nous traitons ces donn\u00e9es uniquement afin de r\u00e9pondre au mieux \u00e0 votre demande. La base juridique de ce traitement des donn\u00e9es est notre int\u00e9r\u00eat l\u00e9gitime au sens de l&rsquo;art.\u00a06 par. 1 let. f RGPD lors de la r\u00e9ponse \u00e0 votre demande ou, si votre demande concerne la conclusion ou l&rsquo;ex\u00e9cution d&rsquo;un contrat, l&rsquo;ex\u00e9cution du contrat au sens de l&rsquo;art. 6 par. 1, let.\u00a0b RGPD.<\/p>\n<p><strong>5. Utilisation de vos donn\u00e9es \u00e0 des fins marketing<\/strong><br \/>\n<strong>5.1\u00a0 Stockage et analyse centralis\u00e9s des donn\u00e9es dans le syst\u00e8me CRM<br \/>\n<\/strong><br \/>\nDans la mesure o\u00f9 une attribution claire \u00e0 votre personne est possible, nous traiterons les donn\u00e9es d\u00e9crites dans la pr\u00e9sente politique de confidentialit\u00e9. Nous stockons et connectons notamment vos donn\u00e9es personnelles, vos contacts et votre comportement de navigation sur notre site Web dans une base de donn\u00e9es centrale. Cela sert \u00e0 la gestion efficace des donn\u00e9es et nous permet de r\u00e9pondre de mani\u00e8re appropri\u00e9e \u00e0 vos demandes. La base juridique de ce traitement des donn\u00e9es est notre int\u00e9r\u00eat l\u00e9gitime au sens de l&rsquo;art. 6 par. 1 let. f RGPD relatif \u00e0 la gestion efficace des donn\u00e9es. \u00c0 cette fin, nous utilisons le logiciel [nom] de la [soci\u00e9t\u00e9] ([adresse], [pays]\u00a0; [le cas \u00e9ch\u00e9ant, garantie relative \u00e0 la protection des donn\u00e9es]). La base juridique de ce traitement est notre int\u00e9r\u00eat l\u00e9gitime au sens de l&rsquo;art. 6 par. 1 let. f RGPD relatif \u00e0 l&rsquo;utilisation des services de fournisseurs tiers.<\/p>\n<p>Nous \u00e9valuons ces donn\u00e9es afin de d\u00e9velopper notre site Web en fonction des besoins et de vous proposer des informations aussi pertinentes que possible. La base juridique de ce traitement des donn\u00e9es est notre int\u00e9r\u00eat l\u00e9gitime au sens de l&rsquo;art. 6 par. 1 let. f RGPD relatif \u00e0 la mise en \u0153uvre des mesures de marketing.<\/p>\n<p><strong>6. Cookies<br \/>\n<\/strong><br \/>\nLes cookies sont des fichiers d&rsquo;informations que votre navigateur Web stocke sur le disque dur ou sur la m\u00e9moire de votre appareil lorsque vous consultez notre site Web. Les cookies sont attribu\u00e9s \u00e0 des num\u00e9ros d&rsquo;identification par lesquels votre navigateur est identifi\u00e9 et les informations contenues dans le cookie peuvent \u00eatre lues.<\/p>\n<p>Les cookies aident, entre autres, \u00e0 rendre votre consultation de notre site Web plus facile, plus agr\u00e9able et plus pertinente. Nous utilisons des cookies \u00e0 diff\u00e9rentes fins, techniquement n\u00e9cessaires \u00e0 l&rsquo;utilisation que vous souhaitez faire du site Web. Les cookies prennent en charge, par exemple, d&rsquo;autres fonctions techniques n\u00e9cessaires au fonctionnement du site Web, telles que Load Balancing (\u00e9quilibrage de la charge), c&rsquo;est-\u00e0-dire la r\u00e9partition de la charge de performance du site sur diff\u00e9rents serveurs Web, afin de soulager les serveurs. Enfin, nous utilisons \u00e9galement des cookies dans le cadre de la conception et de la programmation de notre site Web, par exemple afin de permettre le chargement de scripts ou de codes.<\/p>\n<p>La base juridique de ce traitement des donn\u00e9es est notre int\u00e9r\u00eat l\u00e9gitime au sens de l&rsquo;art. 6 par. 1 let. f RGPD relatif \u00e0 la fourniture d&rsquo;un site Web convivial et moderne.<\/p>\n<p>La plupart des navigateurs Internet acceptent automatiquement les cookies. Vous trouverez des d\u00e9tails sur les services et le traitement des donn\u00e9es associ\u00e9s aux cookies individuels dans les sections suivantes de la pr\u00e9sente politique de confidentialit\u00e9.<\/p>\n<p>Vous pouvez configurer votre navigateur afin que les cookies ne soient pas stock\u00e9s sur votre ordinateur ou afin qu&rsquo;un message s&rsquo;affiche \u00e0 chaque fois que vous recevez un nouveau cookie. Sur les pages suivantes, vous trouverez des explications sur la mani\u00e8re dont vous pouvez configurer le traitement des cookies avec les navigateurs les plus courants\u00a0:<\/p>\n<ul>\n<li><a href=\"https:\/\/support.google.com\/chrome\/answer\/95647?hl=de&amp;co=GENIE.Platform%3DDesktop\" target=\"_blank\" rel=\"noopener\">Google Chrome<\/a><\/li>\n<li><a href=\"https:\/\/support.apple.com\/de-ch\/guide\/safari\/sfri11471\/mac\" target=\"_blank\" rel=\"noopener\">Apple Safari<\/a><\/li>\n<\/ul>\n<p>Cependant, la d\u00e9sactivation compl\u00e8te des cookies peut conduire au fait que vous ne puissiez plus utiliser toutes les fonctionnalit\u00e9s de notre site Web.<\/p>\n<p><strong>7. Suivi, analyse Web et autres outils<\/strong><br \/>\n<strong>7.1 Informations g\u00e9n\u00e9rales relatives au suivi<\/strong><\/p>\n<p>Dans le but de concevoir notre site Web de mani\u00e8re adapt\u00e9e aux besoins et de continuellement l&rsquo;optimiser, nous faisons usage des outils mentionn\u00e9s ci-apr\u00e8s. Dans ce contexte, des profils d&rsquo;utilisateur avec des pseudonymes sont cr\u00e9\u00e9s et des cookies sont utilis\u00e9s. Les informations g\u00e9n\u00e9r\u00e9es par le cookie concernant votre utilisation de ce site Web sont g\u00e9n\u00e9ralement transmises \u00e0 un serveur du fournisseur de services avec les donn\u00e9es du fichier journal \u00e9num\u00e9r\u00e9es au paragraphe 3, o\u00f9 elles sont enfin stock\u00e9es et trait\u00e9es. Gr\u00e2ce au traitement des donn\u00e9es, nous recevons, entre autres, les informations suivantes\u00a0:<\/p>\n<ul>\n<li>Chemin de navigation emprunt\u00e9 par un visiteur sur le site (y compris le contenu consult\u00e9 et les produits s\u00e9lectionn\u00e9s ou achet\u00e9s)<\/li>\n<li>Dur\u00e9e de la consultation sur le site Web ou sur la page,<\/li>\n<li>La page depuis laquelle le visiteur quitte le site Web<\/li>\n<li>Le pays, la r\u00e9gion ou la ville depuis lequel\/laquelle il y acc\u00e8de<\/li>\n<li>Terminal (type, version, profondeur des couleurs, r\u00e9solution, largeur et hauteur de la fen\u00eatre de navigation) et<\/li>\n<li>Visiteur r\u00e9current ou nouveau visiteur<\/li>\n<\/ul>\n<p>En notre nom, le fournisseur utilisera ces informations afin d&rsquo;\u00e9valuer l&rsquo;utilisation du site Web, de compiler des \u00e9valuations sur les activit\u00e9s du site Web pour notre compte et de fournir d&rsquo;autres services li\u00e9s \u00e0 l&rsquo;utilisation du site Web et d&rsquo;Internet. Cela pour effectuer des \u00e9tudes de march\u00e9 et d\u2019optimiser conception de ces sites Web en fonction des besoins.<\/p>\n<p>La base juridique de ces traitements avec les outils suivants est votre consentement au sens de l&rsquo;art. 6 par. 1 let.a RGPD, sauf indication contraire. Vous pouvez r\u00e9voquer votre consentement \u00e0 tout moment ou refuser le traitement en rejetant ou en d\u00e9sactivant les cookies concern\u00e9s dans les param\u00e8tres de votre navigateur Web ou en utilisant les options sp\u00e9cifiques au service d\u00e9crites ci-dessous.<\/p>\n<p>Veuillez consulter les informations de protection des donn\u00e9es du fournisseur pour en savoir plus sur la fa\u00e7on dont celui-ci, en tant que responsable exclusif de la protection des donn\u00e9es, traite les donn\u00e9es, y compris la possible transmission \u00e0 des tiers tels que les autorit\u00e9s conform\u00e9ment aux lois nationales.<\/p>\n<p><strong>7.2 Google Analytics<br \/>\n<\/strong><br \/>\nNous utilisons le service d&rsquo;analyse Web Google Analytics de Google Ireland Limited (Gordon House, 4 Barrow St, Dublin, D04 E5W5, Irlande) ou de Google LLC (1600 Amphitheatre Parkway, Mountain View, CA 94043, \u00c9tats-Unis\u00a0; clauses contractuelles standard de l&rsquo;UE) (\u00ab\u00a0Google\u00a0\u00bb). Les donn\u00e9es 11.1 d\u00e9crites dans la section sur l&rsquo;utilisation du site Web peuvent \u00eatre transmises aux serveurs de Google aux \u00c9tats-Unis aux fins de traitement expliqu\u00e9es. L&rsquo;adresse IP est raccourcie sur ce site Web avant d&rsquo;\u00eatre transmise en Suisse, dans les \u00c9tats membres de l&rsquo;Union europ\u00e9enne ou dans d&rsquo;autres \u00c9tats contractants de l&rsquo;accord sur l&rsquo;Espace \u00e9conomique europ\u00e9en. L&rsquo;adresse IP compl\u00e8te n&rsquo;est transmise qu&rsquo;exceptionnellement \u00e0 un serveur de Google situ\u00e9 aux \u00c9tats-Unis, o\u00f9 elle est alors abr\u00e9g\u00e9e.<\/p>\n<p>Les utilisateurs peuvent emp\u00eacher le recueil des donn\u00e9es g\u00e9n\u00e9r\u00e9es par le cookie et li\u00e9es \u00e0 l&rsquo;utilisation du site Web par l&rsquo;utilisateur concern\u00e9 (y compris l&rsquo;adresse IP) sur Google ainsi que le traitement de ces donn\u00e9es par Google <a href=\"https:\/\/tools.google.com\/dlpage\/gaoptout?hl=de\" target=\"_blank\" rel=\"noopener\">en t\u00e9l\u00e9chargeant et en installant le plug-in<\/a> du navigateur.<\/p>\n<p>Vous trouverez de plus amples informations sur la protection des donn\u00e9es de Google <a href=\"https:\/\/policies.google.com\/privacy?hl=fr&amp;gl=fr\" target=\"_blank\" rel=\"noopener\">ici<\/a>.<\/p>\n<p><strong>7.3 Google Maps<br \/>\n<\/strong><br \/>\nSur notre site Web, nous utilisons Google Maps API (interface de programmation d&rsquo;applications, \u00ab\u00a0Google Maps\u00a0\u00bb) de Google pour la repr\u00e9sentation visuelle d&rsquo;informations g\u00e9ographiques (cartes de localisation). En utilisant Google Maps, des informations sur l&rsquo;utilisation de notre site Web, y compris votre adresse IP, sont transmises \u00e0 un serveur de Google aux \u00c9tats-Unis et elles y sont stock\u00e9es.<\/p>\n<p>Il est possible de d\u00e9sactiver le service de Google Maps et d&#8217;emp\u00eacher le transfert de donn\u00e9es vers Google si vous d\u00e9sactivez JavaScript dans votre navigateur. Nous attirons toutefois votre attention sur le fait que, dans ce cas, vous ne pourrez pas utiliser l&rsquo;affichage de la carte.<\/p>\n<p>Vous trouverez de plus amples informations sur le recueil, le traitement et l&rsquo;utilisation de vos donn\u00e9es par Google ainsi que sur vos droits \u00e0 cet \u00e9gard dans la <a href=\"https:\/\/policies.google.com\/privacy?hl=fr&amp;&amp;gl=fr\" target=\"_blank\" rel=\"noopener\">politique de confidentialit\u00e9<\/a> et dans les <a href=\"https:\/\/www.google.com\/intl\/fr_fr\/help\/terms_maps\/\" target=\"_blank\" rel=\"noopener\">conditions d&rsquo;utilisation suppl\u00e9mentaires<\/a> de Google Maps ou de Google Earth.<\/p>\n<p><strong>8. D\u00e9lais de conservation<br \/>\n<\/strong><br \/>\nNous ne conservons les donn\u00e9es personnelles que le temps n\u00e9cessaire pour effectuer les traitements expliqu\u00e9s dans la pr\u00e9sente politique de confidentialit\u00e9 dans le cadre de notre int\u00e9r\u00eat l\u00e9gitime. Pour les donn\u00e9es contractuelles, le stockage est prescrit par des obligations l\u00e9gales de conservation. Les dispositions qui nous obligent \u00e0 conserver des donn\u00e9es r\u00e9sultent des dispositions relatives \u00e0 la comptabilit\u00e9 et des dispositions fiscales. Selon ces dispositions, les communications commerciales, les contrats conclus et les documents comptables doivent \u00eatre conserv\u00e9s pendant 10 ans. Une suppression ou une anonymisation des donn\u00e9es a lieu d\u00e8s qu&rsquo;il n&rsquo;y a plus d&rsquo;obligation de conservation ni d&rsquo;int\u00e9r\u00eat l\u00e9gitime \u00e0 la conservation.<\/p>\n<p><strong>9. S\u00e9curit\u00e9 des donn\u00e9es<\/strong><br \/>\nNous mettons en place des mesures de s\u00e9curit\u00e9 techniques et organisationnelles appropri\u00e9es pour pr\u00e9server vos donn\u00e9es personnelles stock\u00e9es chez nous, les prot\u00e9ger contre la perte et tout traitement ill\u00e9gal, notamment l&rsquo;acc\u00e8s non autoris\u00e9 par des tiers. Les prestataires de services que nous avons mandat\u00e9s sont tenus de garder le secret et de respecter la protection des donn\u00e9es. En outre, ces personnes n&rsquo;ont acc\u00e8s aux donn\u00e9es personnelles que dans la mesure n\u00e9cessaire \u00e0 l&rsquo;accomplissement de leurs t\u00e2ches.<\/p>\n<p>Nos mesures de s\u00e9curit\u00e9 sont continuellement adapt\u00e9es en fonction de l&rsquo;\u00e9volution technologique. Cependant, la transmission d&rsquo;informations via Internet et les moyens de communication \u00e9lectroniques comporte toujours certains risques pour la s\u00e9curit\u00e9 et nous ne pouvons pas non plus garantir la s\u00e9curit\u00e9 des informations transmises de cette mani\u00e8re.<\/p>\n<p><strong>10. Vos droits<\/strong><br \/>\nSi les conditions l\u00e9gales sont remplies, vous avez les droits suivants en tant que personne concern\u00e9e par le traitement des donn\u00e9es\u00a0:<\/p>\n<ul>\n<li>Droit \u00e0 l&rsquo;information : vous avez le droit de demander \u00e0 tout moment et gratuitement l&rsquo;acc\u00e8s \u00e0 vos donn\u00e9es personnelles stock\u00e9es chez nous si nous les traitons.<\/li>\n<li>Droit de correction : vous avez le droit de faire corriger des donn\u00e9es personnelles incorrectes ou incompl\u00e8tes et d&rsquo;\u00eatre inform\u00e9 de la correction.<\/li>\n<li>Droit \u00e0 la suppression : vous avez le droit de demander la suppression de vos donn\u00e9es personnelles dans certaines circonstances.<\/li>\n<li>Droit \u00e0 la limitation du traitement : vous avez le droit de demander que le traitement de vos donn\u00e9es personnelles soit limit\u00e9.<\/li>\n<li>Droit \u00e0 la transmission des donn\u00e9es : vous avez le droit de recevoir gratuitement de notre part les donn\u00e9es personnelles que vous nous avez fournies dans un format lisible.<\/li>\n<li>Droit d&rsquo;opposition : vous pouvez vous opposer \u00e0 tout moment au traitement des donn\u00e9es.<\/li>\n<li>Droit de r\u00e9vocation : vous avez en principe le droit de r\u00e9voquer \u00e0 tout moment un consentement donn\u00e9. Toutefois, les activit\u00e9s de traitement fond\u00e9es sur votre consentement dans le pass\u00e9 ne deviendront pas ill\u00e9gales \u00e0 la suite de votre r\u00e9vocation.<\/li>\n<li>Droit de recours :\u00a0 vous avez le droit de d\u00e9poser une plainte contre la mani\u00e8re dont vos donn\u00e9es personnelles sont trait\u00e9es aupr\u00e8s d&rsquo;une autorit\u00e9 de surveillance comp\u00e9tente.<\/li>\n<\/ul>\n<p>Pour exercer ces droits, veuillez utiliser les coordonn\u00e9es au paragraphe 2.<\/p>\n<p>Version\u00a0: octobre 2023<\/p>\n","protected":false},"excerpt":{"rendered":"<p>1. Responsable et contenu de la pr\u00e9sente politique de confidentialit\u00e9 Nous, R\u00e9gion capitale suisse\u00a0(c\/o furrerhugi, Schauplatzgasse 39, 3011 Bern), exploitons le site Web.\u00a0Sauf indication contraire, nous sommes responsables du traitement des donn\u00e9es indiqu\u00e9 dans la pr\u00e9sente politique de confidentialit\u00e9. Pour la protection des donn\u00e9es, nous nous basons principalement sur les &hellip;<\/p>\n","protected":false},"author":1,"featured_media":0,"parent":0,"menu_order":0,"comment_status":"closed","ping_status":"closed","template":"","meta":{"_exactmetrics_skip_tracking":false,"_exactmetrics_sitenote_active":false,"_exactmetrics_sitenote_note":"","_exactmetrics_sitenote_category":0,"footnotes":""},"class_list":["post-755","page","type-page","status-publish","hentry"],"_links":{"self":[{"href":"https:\/\/plusenergiequartier.ch\/fr\/wp-json\/wp\/v2\/pages\/755","targetHints":{"allow":["GET"]}}],"collection":[{"href":"https:\/\/plusenergiequartier.ch\/fr\/wp-json\/wp\/v2\/pages"}],"about":[{"href":"https:\/\/plusenergiequartier.ch\/fr\/wp-json\/wp\/v2\/types\/page"}],"author":[{"embeddable":true,"href":"https:\/\/plusenergiequartier.ch\/fr\/wp-json\/wp\/v2\/users\/1"}],"replies":[{"embeddable":true,"href":"https:\/\/plusenergiequartier.ch\/fr\/wp-json\/wp\/v2\/comments?post=755"}],"version-history":[{"count":8,"href":"https:\/\/plusenergiequartier.ch\/fr\/wp-json\/wp\/v2\/pages\/755\/revisions"}],"predecessor-version":[{"id":1411,"href":"https:\/\/plusenergiequartier.ch\/fr\/wp-json\/wp\/v2\/pages\/755\/revisions\/1411"}],"wp:attachment":[{"href":"https:\/\/plusenergiequartier.ch\/fr\/wp-json\/wp\/v2\/media?parent=755"}],"curies":[{"name":"wp","href":"https:\/\/api.w.org\/{rel}","templated":true}]}}